{"id":15059,"date":"2023-11-04T00:59:00","date_gmt":"2023-11-03T23:59:00","guid":{"rendered":"http:\/\/innocentiemangonipiante.it\/fraxinus-excelsior\/"},"modified":"2023-11-06T18:22:50","modified_gmt":"2023-11-06T17:22:50","slug":"fraxinus-excelsior","status":"publish","type":"product","link":"https:\/\/innocentiemangonipiante.it\/de\/fraxinus-excelsior\/","title":{"rendered":"FRAXINUS excelsior"},"content":{"rendered":"<p>\u201cGemeine Esche\u201d. Kr\u00e4ftiger, sommergr\u00fcner und ausladender Baum. Die dunkelgr\u00fcnen, gefiederten Bl\u00e4tter sind bis 30 cm lang und bestehen aus 10-15 Bl\u00e4ttchen, die sich im Herbst goldgelb f\u00e4rben. Die Rinde ist olivgr\u00fcn bis hellgrau.<\/p>\n","protected":false},"excerpt":{"rendered":"<p>\u201cGemeine Esche\u201d. Kr\u00e4ftiger, sommergr\u00fcner und ausladender Baum. Die dunkelgr\u00fcnen, gefiederten Bl\u00e4tter sind bis 30 cm lang und bestehen aus 10-15 Bl\u00e4ttchen, die sich im Herbst goldgelb f\u00e4rben. Die Rinde ist olivgr\u00fcn bis hellgrau.<\/p>\n","protected":false},"featured_media":2715,"template":"","meta":{"_acf_changed":false},"product_brand":[],"product_cat":[8813,9231],"product_tag":[10898,8401,8597],"class_list":{"0":"post-15059","1":"product","2":"type-product","3":"status-publish","4":"has-post-thumbnail","6":"product_cat-laubbaume-und-straucher","7":"product_cat-baume-und-pflanzen-der-zukunft","8":"product_tag-naturlichen","9":"product_tag-hochstamm","10":"product_tag-multistamm","11":"pa_altezza-massima-15-meter","12":"pa_altezza-massima-20-meter","13":"pa_condizionamento-clt-de","14":"pa_condizionamento-m-de","15":"pa_famiglia-oleaceae-de","16":"pa_genere-fraxinus-de","17":"pa_inquinamento-bestaendigkeit-gegen-smog","18":"pa_origine-mitteleuropa","19":"pa_resistenza-climatica-sehr-hoch","20":"pa_resistenza-del-suolo-bestandig-gegen-kalkhaltige-boden","21":"pa_resistenza-del-suolo-bestandigkeit-auf-feuchten-boden","22":"pa_salinita-bestaendigkeit-in-meeresluft","23":"pa_utilizzo-alleen","24":"pa_utilizzo-parks-de","26":"first","27":"instock","28":"purchasable","29":"product-type-simple"},"acf":[],"_links":{"self":[{"href":"https:\/\/innocentiemangonipiante.it\/de\/wp-json\/wp\/v2\/product\/15059","targetHints":{"allow":["GET"]}}],"collection":[{"href":"https:\/\/innocentiemangonipiante.it\/de\/wp-json\/wp\/v2\/product"}],"about":[{"href":"https:\/\/innocentiemangonipiante.it\/de\/wp-json\/wp\/v2\/types\/product"}],"wp:featuredmedia":[{"embeddable":true,"href":"https:\/\/innocentiemangonipiante.it\/de\/wp-json\/wp\/v2\/media\/2715"}],"wp:attachment":[{"href":"https:\/\/innocentiemangonipiante.it\/de\/wp-json\/wp\/v2\/media?parent=15059"}],"wp:term":[{"taxonomy":"product_brand","embeddable":true,"href":"https:\/\/innocentiemangonipiante.it\/de\/wp-json\/wp\/v2\/product_brand?post=15059"},{"taxonomy":"product_cat","embeddable":true,"href":"https:\/\/innocentiemangonipiante.it\/de\/wp-json\/wp\/v2\/product_cat?post=15059"},{"taxonomy":"product_tag","embeddable":true,"href":"https:\/\/innocentiemangonipiante.it\/de\/wp-json\/wp\/v2\/product_tag?post=15059"}],"curies":[{"name":"wp","href":"https:\/\/api.w.org\/{rel}","templated":true}]}}