{"id":15060,"date":"2023-11-04T00:58:47","date_gmt":"2023-11-03T23:58:47","guid":{"rendered":"http:\/\/innocentiemangonipiante.it\/fraxinus-americana-autumn-purple\/"},"modified":"2023-11-06T18:22:45","modified_gmt":"2023-11-06T17:22:45","slug":"fraxinus-americana-autumn-purple","status":"publish","type":"product","link":"https:\/\/innocentiemangonipiante.it\/de\/fraxinus-americana-autumn-purple\/","title":{"rendered":"FRAXINUS americana &#8218;Autumn Purple&#8216; \u00ae"},"content":{"rendered":"<p>Gro\u00dfer Baum mit abgerundeten Form. Herausragende r\u00f6tlichen Farben kann f\u00fcr mehrere Wochen weiterscheinen, je nach jahreszeitlichen Bedingungen zu halten. Kernlose.<\/p>\n","protected":false},"excerpt":{"rendered":"<p>Gro\u00dfer Baum mit abgerundeten Form. Herausragende r\u00f6tlichen Farben kann f\u00fcr mehrere Wochen weiterscheinen, je nach jahreszeitlichen Bedingungen zu halten. Kernlose.<\/p>\n","protected":false},"featured_media":2703,"template":"","meta":{"_acf_changed":false},"product_brand":[],"product_cat":[8813,9231],"product_tag":[10898,8401,8597],"class_list":{"0":"post-15060","1":"product","2":"type-product","3":"status-publish","4":"has-post-thumbnail","6":"product_cat-laubbaume-und-straucher","7":"product_cat-baume-und-pflanzen-der-zukunft","8":"product_tag-naturlichen","9":"product_tag-hochstamm","10":"product_tag-multistamm","11":"pa_altezza-massima-1000-de-2","12":"pa_altezza-massima-15-meter","13":"pa_condizionamento-clt-de","14":"pa_condizionamento-m-de","15":"pa_famiglia-oleaceae-de","16":"pa_genere-fraxinus-de","17":"pa_origine-u-s-a","18":"pa_portamento-piramidale-de","19":"pa_resistenza-climatica-sehr-hoch","20":"pa_resistenza-del-suolo-bestandig-gegen-kalkhaltige-boden","21":"pa_resistenza-del-suolo-bestandigkeit-auf-feuchten-boden","22":"pa_utilizzo-alleen","23":"pa_utilizzo-parks-de","25":"first","26":"instock","27":"purchasable","28":"product-type-simple"},"acf":[],"_links":{"self":[{"href":"https:\/\/innocentiemangonipiante.it\/de\/wp-json\/wp\/v2\/product\/15060","targetHints":{"allow":["GET"]}}],"collection":[{"href":"https:\/\/innocentiemangonipiante.it\/de\/wp-json\/wp\/v2\/product"}],"about":[{"href":"https:\/\/innocentiemangonipiante.it\/de\/wp-json\/wp\/v2\/types\/product"}],"wp:featuredmedia":[{"embeddable":true,"href":"https:\/\/innocentiemangonipiante.it\/de\/wp-json\/wp\/v2\/media\/2703"}],"wp:attachment":[{"href":"https:\/\/innocentiemangonipiante.it\/de\/wp-json\/wp\/v2\/media?parent=15060"}],"wp:term":[{"taxonomy":"product_brand","embeddable":true,"href":"https:\/\/innocentiemangonipiante.it\/de\/wp-json\/wp\/v2\/product_brand?post=15060"},{"taxonomy":"product_cat","embeddable":true,"href":"https:\/\/innocentiemangonipiante.it\/de\/wp-json\/wp\/v2\/product_cat?post=15060"},{"taxonomy":"product_tag","embeddable":true,"href":"https:\/\/innocentiemangonipiante.it\/de\/wp-json\/wp\/v2\/product_tag?post=15060"}],"curies":[{"name":"wp","href":"https:\/\/api.w.org\/{rel}","templated":true}]}}