{"id":15061,"date":"2023-11-04T00:58:53","date_gmt":"2023-11-03T23:58:53","guid":{"rendered":"http:\/\/innocentiemangonipiante.it\/fraxinus-angustifolia\/"},"modified":"2023-11-06T18:22:47","modified_gmt":"2023-11-06T17:22:47","slug":"fraxinus-angustifolia","status":"publish","type":"product","link":"https:\/\/innocentiemangonipiante.it\/de\/fraxinus-angustifolia\/","title":{"rendered":"FRAXINUS angustifolia"},"content":{"rendered":"<p>Sommergr\u00fcner Baum mit breitem Habitus und dunkelgr\u00fcnen Bl\u00e4ttern, die zu Goldgelb im Herbst wechseln.<\/p>\n","protected":false},"excerpt":{"rendered":"<p>Sommergr\u00fcner Baum mit breitem Habitus und dunkelgr\u00fcnen Bl\u00e4ttern, die zu Goldgelb im Herbst wechseln.<\/p>\n","protected":false},"featured_media":2709,"template":"","meta":{"_acf_changed":false},"product_brand":[],"product_cat":[8813],"product_tag":[10898],"class_list":{"0":"post-15061","1":"product","2":"type-product","3":"status-publish","4":"has-post-thumbnail","6":"product_cat-laubbaume-und-straucher","7":"product_tag-naturlichen","8":"pa_altezza-massima-20-meter","9":"pa_altezza-massima-25-meter","10":"pa_famiglia-oleaceae-de","11":"pa_genere-fraxinus-de","12":"pa_inquinamento-bestaendigkeit-gegen-smog","13":"pa_origine-europaischen-mittelmeeres","14":"pa_portamento-arrotondato-de","15":"pa_resistenza-climatica-sehr-hoch","16":"pa_resistenza-del-suolo-bestandig-gegen-kalkhaltige-boden","17":"pa_resistenza-del-suolo-bestandig-gegen-trockene-boden","18":"pa_resistenza-del-suolo-bestandigkeit-auf-feuchten-boden","19":"pa_salinita-bestaendigkeit-in-meeresluft","20":"pa_utilizzo-alleen","22":"first","23":"instock","24":"purchasable","25":"product-type-simple"},"acf":[],"_links":{"self":[{"href":"https:\/\/innocentiemangonipiante.it\/de\/wp-json\/wp\/v2\/product\/15061","targetHints":{"allow":["GET"]}}],"collection":[{"href":"https:\/\/innocentiemangonipiante.it\/de\/wp-json\/wp\/v2\/product"}],"about":[{"href":"https:\/\/innocentiemangonipiante.it\/de\/wp-json\/wp\/v2\/types\/product"}],"wp:featuredmedia":[{"embeddable":true,"href":"https:\/\/innocentiemangonipiante.it\/de\/wp-json\/wp\/v2\/media\/2709"}],"wp:attachment":[{"href":"https:\/\/innocentiemangonipiante.it\/de\/wp-json\/wp\/v2\/media?parent=15061"}],"wp:term":[{"taxonomy":"product_brand","embeddable":true,"href":"https:\/\/innocentiemangonipiante.it\/de\/wp-json\/wp\/v2\/product_brand?post=15061"},{"taxonomy":"product_cat","embeddable":true,"href":"https:\/\/innocentiemangonipiante.it\/de\/wp-json\/wp\/v2\/product_cat?post=15061"},{"taxonomy":"product_tag","embeddable":true,"href":"https:\/\/innocentiemangonipiante.it\/de\/wp-json\/wp\/v2\/product_tag?post=15061"}],"curies":[{"name":"wp","href":"https:\/\/api.w.org\/{rel}","templated":true}]}}