{"id":15062,"date":"2023-11-04T00:58:40","date_gmt":"2023-11-03T23:58:40","guid":{"rendered":"http:\/\/innocentiemangonipiante.it\/fraxinus-americana\/"},"modified":"2023-11-06T18:22:41","modified_gmt":"2023-11-06T17:22:41","slug":"fraxinus-americana","status":"publish","type":"product","link":"https:\/\/innocentiemangonipiante.it\/de\/fraxinus-americana\/","title":{"rendered":"FRAXINUS americana"},"content":{"rendered":"<p>Sommergr\u00fcner Baum mit schnellem Wachstum und breit-s\u00e4ulenf\u00f6rmigem Wuchs. Gefiederte, dunkelgr\u00fcne, bis 35cm lange Bl\u00e4tter. Gelb bis purpurrotfarbige Herbstfarbe.<\/p>\n","protected":false},"excerpt":{"rendered":"<p>Sommergr\u00fcner Baum mit schnellem Wachstum und breit-s\u00e4ulenf\u00f6rmigem Wuchs. Gefiederte, dunkelgr\u00fcne, bis 35cm lange Bl\u00e4tter. Gelb bis purpurrotfarbige Herbstfarbe.<\/p>\n","protected":false},"featured_media":2697,"template":"","meta":{"_acf_changed":false},"product_brand":[],"product_cat":[8813],"product_tag":[10898,8401,8597],"class_list":{"0":"post-15062","1":"product","2":"type-product","3":"status-publish","4":"has-post-thumbnail","6":"product_cat-laubbaume-und-straucher","7":"product_tag-naturlichen","8":"product_tag-hochstamm","9":"product_tag-multistamm","10":"pa_altezza-massima-20-meter","11":"pa_altezza-massima-25-meter","12":"pa_condizionamento-clt-de","13":"pa_condizionamento-jungplanzen","14":"pa_condizionamento-m-de","15":"pa_famiglia-oleaceae-de","16":"pa_genere-fraxinus-de","17":"pa_origine-u-s-a","18":"pa_portamento-arrotondato-de","19":"pa_resistenza-climatica-sehr-hoch","20":"pa_resistenza-del-suolo-bestandig-gegen-kalkhaltige-boden","21":"pa_resistenza-del-suolo-bestandigkeit-auf-feuchten-boden","22":"pa_utilizzo-alleen","23":"pa_utilizzo-parks-de","25":"first","26":"instock","27":"purchasable","28":"product-type-simple"},"acf":[],"_links":{"self":[{"href":"https:\/\/innocentiemangonipiante.it\/de\/wp-json\/wp\/v2\/product\/15062","targetHints":{"allow":["GET"]}}],"collection":[{"href":"https:\/\/innocentiemangonipiante.it\/de\/wp-json\/wp\/v2\/product"}],"about":[{"href":"https:\/\/innocentiemangonipiante.it\/de\/wp-json\/wp\/v2\/types\/product"}],"wp:featuredmedia":[{"embeddable":true,"href":"https:\/\/innocentiemangonipiante.it\/de\/wp-json\/wp\/v2\/media\/2697"}],"wp:attachment":[{"href":"https:\/\/innocentiemangonipiante.it\/de\/wp-json\/wp\/v2\/media?parent=15062"}],"wp:term":[{"taxonomy":"product_brand","embeddable":true,"href":"https:\/\/innocentiemangonipiante.it\/de\/wp-json\/wp\/v2\/product_brand?post=15062"},{"taxonomy":"product_cat","embeddable":true,"href":"https:\/\/innocentiemangonipiante.it\/de\/wp-json\/wp\/v2\/product_cat?post=15062"},{"taxonomy":"product_tag","embeddable":true,"href":"https:\/\/innocentiemangonipiante.it\/de\/wp-json\/wp\/v2\/product_tag?post=15062"}],"curies":[{"name":"wp","href":"https:\/\/api.w.org\/{rel}","templated":true}]}}