{"id":15063,"date":"2023-11-04T01:00:58","date_gmt":"2023-11-04T00:00:58","guid":{"rendered":"http:\/\/innocentiemangonipiante.it\/gardenia-jasminoides-kleims-hardy\/"},"modified":"2023-11-06T18:24:05","modified_gmt":"2023-11-06T17:24:05","slug":"gardenia-jasminoides-kleims-hardy","status":"publish","type":"product","link":"https:\/\/innocentiemangonipiante.it\/de\/gardenia-jasminoides-kleims-hardy\/","title":{"rendered":"GARDENIA jasminoides &#8218;Kleim&#8217;s Hardy&#8216;"},"content":{"rendered":"<p>NEUHEIT. Frostharte Z\u00fcctung mit wei\u00dfen parf\u00fcmierten Bl\u00fcte and Blatt keiner wie seine Art. Langsam wachsend.<\/p>\n","protected":false},"excerpt":{"rendered":"<p>NEUHEIT. Frostharte Z\u00fcctung mit wei\u00dfen parf\u00fcmierten Bl\u00fcte and Blatt keiner wie seine Art. Langsam wachsend.<\/p>\n","protected":false},"featured_media":0,"template":"","meta":{"_acf_changed":false},"product_brand":[],"product_cat":[8816],"product_tag":[10898],"class_list":{"0":"post-15063","1":"product","2":"type-product","3":"status-publish","5":"product_cat-hartnaeckige-baeume-und-straeucher","6":"product_tag-naturlichen","7":"pa_altezza-massima-150-de","8":"pa_altezza-massima-200-de","9":"pa_colore-fioritura-weis","10":"pa_condizionamento-clt-de","11":"pa_condizionamento-jungplanzen","12":"pa_famiglia-rubiaceae-de","13":"pa_genere-gardenia-de","14":"pa_origine-ostasien","15":"pa_periodo-fioritura-juli","16":"pa_periodo-fioritura-juni","17":"pa_periodo-fioritura-mai-de","18":"pa_portamento-cespuglioso-de","19":"pa_profumo-intensiv","20":"pa_resistenza-climatica-mittel-hoch","21":"pa_utilizzo-balkone","22":"pa_utilizzo-im-innen","23":"pa_utilizzo-kleine-gaerten","25":"first","26":"instock","27":"purchasable","28":"product-type-simple"},"acf":[],"_links":{"self":[{"href":"https:\/\/innocentiemangonipiante.it\/de\/wp-json\/wp\/v2\/product\/15063","targetHints":{"allow":["GET"]}}],"collection":[{"href":"https:\/\/innocentiemangonipiante.it\/de\/wp-json\/wp\/v2\/product"}],"about":[{"href":"https:\/\/innocentiemangonipiante.it\/de\/wp-json\/wp\/v2\/types\/product"}],"wp:attachment":[{"href":"https:\/\/innocentiemangonipiante.it\/de\/wp-json\/wp\/v2\/media?parent=15063"}],"wp:term":[{"taxonomy":"product_brand","embeddable":true,"href":"https:\/\/innocentiemangonipiante.it\/de\/wp-json\/wp\/v2\/product_brand?post=15063"},{"taxonomy":"product_cat","embeddable":true,"href":"https:\/\/innocentiemangonipiante.it\/de\/wp-json\/wp\/v2\/product_cat?post=15063"},{"taxonomy":"product_tag","embeddable":true,"href":"https:\/\/innocentiemangonipiante.it\/de\/wp-json\/wp\/v2\/product_tag?post=15063"}],"curies":[{"name":"wp","href":"https:\/\/api.w.org\/{rel}","templated":true}]}}