{"id":15064,"date":"2023-11-04T01:00:43","date_gmt":"2023-11-04T00:00:43","guid":{"rendered":"http:\/\/innocentiemangonipiante.it\/gardenia-grandiflora\/"},"modified":"2023-11-06T18:24:00","modified_gmt":"2023-11-06T17:24:00","slug":"gardenia-grandiflora","status":"publish","type":"product","link":"https:\/\/innocentiemangonipiante.it\/de\/gardenia-grandiflora\/","title":{"rendered":"GARDENIA grandiflora"},"content":{"rendered":"<p>Immergr\u00fcner buschiger Strauch mit eif\u00f6rmigen elliptischen Bl\u00e4ttern, die bis zu 10 cm lang werden und dunkelgr\u00fcn sind. Vom Sommer bis zum Herbst tr\u00e4gt er flache, sehr stark duftende bis 8 cm breite Bl\u00fcten mit 5-12 Lappen, die rein wei\u00df bis elfenbeinfarbig sind.<\/p>\n","protected":false},"excerpt":{"rendered":"<p>Immergr\u00fcner buschiger Strauch mit eif\u00f6rmigen elliptischen Bl\u00e4ttern, die bis zu 10 cm lang werden und dunkelgr\u00fcn sind. Vom Sommer bis zum Herbst tr\u00e4gt er flache, sehr stark duftende bis 8 cm breite Bl\u00fcten mit 5-12 Lappen, die rein wei\u00df bis elfenbeinfarbig sind.<\/p>\n","protected":false},"featured_media":2775,"template":"","meta":{"_acf_changed":false},"product_brand":[],"product_cat":[8816],"product_tag":[10898],"class_list":{"0":"post-15064","1":"product","2":"type-product","3":"status-publish","4":"has-post-thumbnail","6":"product_cat-hartnaeckige-baeume-und-straeucher","7":"product_tag-naturlichen","8":"pa_altezza-massima-200-de","9":"pa_altezza-massima-300-de","10":"pa_colore-fioritura-weis","11":"pa_condizionamento-clt-de","12":"pa_famiglia-rubiaceae-de","13":"pa_genere-gardenia-de","14":"pa_origine-ostasien","15":"pa_periodo-fioritura-august-de","16":"pa_periodo-fioritura-juli","17":"pa_periodo-fioritura-juni","18":"pa_periodo-fioritura-september-de","19":"pa_portamento-cespuglioso-de","20":"pa_profumo-intensiv","21":"pa_resistenza-climatica-pflanzen-mit-geringem-klimawiderstand","22":"pa_utilizzo-balkone","23":"pa_utilizzo-im-innen","24":"pa_utilizzo-kleine-gaerten","26":"first","27":"instock","28":"purchasable","29":"product-type-simple"},"acf":[],"_links":{"self":[{"href":"https:\/\/innocentiemangonipiante.it\/de\/wp-json\/wp\/v2\/product\/15064","targetHints":{"allow":["GET"]}}],"collection":[{"href":"https:\/\/innocentiemangonipiante.it\/de\/wp-json\/wp\/v2\/product"}],"about":[{"href":"https:\/\/innocentiemangonipiante.it\/de\/wp-json\/wp\/v2\/types\/product"}],"wp:featuredmedia":[{"embeddable":true,"href":"https:\/\/innocentiemangonipiante.it\/de\/wp-json\/wp\/v2\/media\/2775"}],"wp:attachment":[{"href":"https:\/\/innocentiemangonipiante.it\/de\/wp-json\/wp\/v2\/media?parent=15064"}],"wp:term":[{"taxonomy":"product_brand","embeddable":true,"href":"https:\/\/innocentiemangonipiante.it\/de\/wp-json\/wp\/v2\/product_brand?post=15064"},{"taxonomy":"product_cat","embeddable":true,"href":"https:\/\/innocentiemangonipiante.it\/de\/wp-json\/wp\/v2\/product_cat?post=15064"},{"taxonomy":"product_tag","embeddable":true,"href":"https:\/\/innocentiemangonipiante.it\/de\/wp-json\/wp\/v2\/product_tag?post=15064"}],"curies":[{"name":"wp","href":"https:\/\/api.w.org\/{rel}","templated":true}]}}