{"id":15068,"date":"2023-11-04T01:02:29","date_gmt":"2023-11-04T00:02:29","guid":{"rendered":"http:\/\/innocentiemangonipiante.it\/genista-porlock\/"},"modified":"2023-11-06T18:25:10","modified_gmt":"2023-11-06T17:25:10","slug":"genista-porlock","status":"publish","type":"product","link":"https:\/\/innocentiemangonipiante.it\/de\/genista-porlock\/","title":{"rendered":"GENISTA porlock"},"content":{"rendered":"<p>Halbimmergr\u00fcne, kleine Bl\u00e4tter, gelbe Bl\u00fcten im Fr\u00fchjahr<\/p>\n","protected":false},"excerpt":{"rendered":"<p>Halbimmergr\u00fcne, kleine Bl\u00e4tter, gelbe Bl\u00fcten im Fr\u00fchjahr<\/p>\n","protected":false},"featured_media":2801,"template":"","meta":{"_acf_changed":false},"product_brand":[],"product_cat":[8813],"product_tag":[10898],"class_list":{"0":"post-15068","1":"product","2":"type-product","3":"status-publish","4":"has-post-thumbnail","6":"product_cat-laubbaume-und-straucher","7":"product_tag-naturlichen","8":"pa_altezza-massima-0_30-meter","9":"pa_altezza-massima-0_50-meter","10":"pa_colore-delle-foglie-grauen","11":"pa_colore-fioritura-gelbe","12":"pa_condizionamento-clt-de","13":"pa_famiglia-leguminosae-de","14":"pa_genere-genista-de","15":"pa_origine-europaischen-mittelmeeres","16":"pa_periodo-fioritura-april-de","17":"pa_periodo-fioritura-mai-de","18":"pa_portamento-cespuglioso-de","19":"pa_resistenza-climatica-mittel-hoch","20":"pa_resistenza-del-suolo-bestandig-gegen-trockene-boden","21":"pa_resistenza-del-suolo-resistent-gegen-arme-boeden","22":"pa_utilizzo-kleine-gaerten","24":"first","25":"instock","26":"purchasable","27":"product-type-simple"},"acf":[],"_links":{"self":[{"href":"https:\/\/innocentiemangonipiante.it\/de\/wp-json\/wp\/v2\/product\/15068","targetHints":{"allow":["GET"]}}],"collection":[{"href":"https:\/\/innocentiemangonipiante.it\/de\/wp-json\/wp\/v2\/product"}],"about":[{"href":"https:\/\/innocentiemangonipiante.it\/de\/wp-json\/wp\/v2\/types\/product"}],"wp:featuredmedia":[{"embeddable":true,"href":"https:\/\/innocentiemangonipiante.it\/de\/wp-json\/wp\/v2\/media\/2801"}],"wp:attachment":[{"href":"https:\/\/innocentiemangonipiante.it\/de\/wp-json\/wp\/v2\/media?parent=15068"}],"wp:term":[{"taxonomy":"product_brand","embeddable":true,"href":"https:\/\/innocentiemangonipiante.it\/de\/wp-json\/wp\/v2\/product_brand?post=15068"},{"taxonomy":"product_cat","embeddable":true,"href":"https:\/\/innocentiemangonipiante.it\/de\/wp-json\/wp\/v2\/product_cat?post=15068"},{"taxonomy":"product_tag","embeddable":true,"href":"https:\/\/innocentiemangonipiante.it\/de\/wp-json\/wp\/v2\/product_tag?post=15068"}],"curies":[{"name":"wp","href":"https:\/\/api.w.org\/{rel}","templated":true}]}}