{"id":15071,"date":"2023-11-04T01:03:52","date_gmt":"2023-11-04T00:03:52","guid":{"rendered":"http:\/\/innocentiemangonipiante.it\/ginkgo-biloba-saratoga\/"},"modified":"2023-11-06T18:25:57","modified_gmt":"2023-11-06T17:25:57","slug":"ginkgo-biloba-saratoga","status":"publish","type":"product","link":"https:\/\/innocentiemangonipiante.it\/de\/ginkgo-biloba-saratoga\/","title":{"rendered":"GINKGO biloba &#8218;Saratoga&#8216;"},"content":{"rendered":"<p>Pyramidenf\u00f6rmige, smaragdgr\u00fcnes Laub w\u00e4hrend der ganzen Saison. Die gro\u00dfe Bl\u00e4tter werden in eine fantastische Gold Farbe im Herbst.<\/p>\n","protected":false},"excerpt":{"rendered":"<p>Pyramidenf\u00f6rmige, smaragdgr\u00fcnes Laub w\u00e4hrend der ganzen Saison. Die gro\u00dfe Bl\u00e4tter werden in eine fantastische Gold Farbe im Herbst.<\/p>\n","protected":false},"featured_media":2821,"template":"","meta":{"_acf_changed":false},"product_brand":[],"product_cat":[8825],"product_tag":[10898,8401],"class_list":{"0":"post-15071","1":"product","2":"type-product","3":"status-publish","4":"has-post-thumbnail","6":"product_cat-koniferen","7":"product_tag-naturlichen","8":"product_tag-hochstamm","9":"pa_altezza-massima-1000-de-2","10":"pa_altezza-massima-15-meter","11":"pa_condizionamento-clt-de","12":"pa_condizionamento-m-de","13":"pa_famiglia-ginkgoaceae-de","14":"pa_genere-ginkgo-de","15":"pa_inquinamento-bestaendigkeit-gegen-smog","16":"pa_origine-u-s-a","17":"pa_portamento-piramidale-de","18":"pa_resistenza-climatica-sehr-hoch","19":"pa_resistenza-del-suolo-bestandig-gegen-kalkhaltige-boden","20":"pa_utilizzo-alleen","22":"first","23":"instock","24":"purchasable","25":"product-type-simple"},"acf":[],"_links":{"self":[{"href":"https:\/\/innocentiemangonipiante.it\/de\/wp-json\/wp\/v2\/product\/15071","targetHints":{"allow":["GET"]}}],"collection":[{"href":"https:\/\/innocentiemangonipiante.it\/de\/wp-json\/wp\/v2\/product"}],"about":[{"href":"https:\/\/innocentiemangonipiante.it\/de\/wp-json\/wp\/v2\/types\/product"}],"wp:featuredmedia":[{"embeddable":true,"href":"https:\/\/innocentiemangonipiante.it\/de\/wp-json\/wp\/v2\/media\/2821"}],"wp:attachment":[{"href":"https:\/\/innocentiemangonipiante.it\/de\/wp-json\/wp\/v2\/media?parent=15071"}],"wp:term":[{"taxonomy":"product_brand","embeddable":true,"href":"https:\/\/innocentiemangonipiante.it\/de\/wp-json\/wp\/v2\/product_brand?post=15071"},{"taxonomy":"product_cat","embeddable":true,"href":"https:\/\/innocentiemangonipiante.it\/de\/wp-json\/wp\/v2\/product_cat?post=15071"},{"taxonomy":"product_tag","embeddable":true,"href":"https:\/\/innocentiemangonipiante.it\/de\/wp-json\/wp\/v2\/product_tag?post=15071"}],"curies":[{"name":"wp","href":"https:\/\/api.w.org\/{rel}","templated":true}]}}