{"id":15072,"date":"2023-11-04T01:03:46","date_gmt":"2023-11-04T00:03:46","guid":{"rendered":"http:\/\/innocentiemangonipiante.it\/ginkgo-biloba-princeton-sentry\/"},"modified":"2023-11-06T18:25:55","modified_gmt":"2023-11-06T17:25:55","slug":"ginkgo-biloba-princeton-sentry","status":"publish","type":"product","link":"https:\/\/innocentiemangonipiante.it\/de\/ginkgo-biloba-princeton-sentry\/","title":{"rendered":"GINKGO biloba &#8218;Princeton Sentry&#8216; \u00ae"},"content":{"rendered":"<p>M\u00e4nnlich. W\u00e4chst aufrecht und eng kegelf\u00f6rmig. Das Blattwerk f\u00e4rbt sich gleichm\u00e4ssig intensivgolgelb im Herbst. Am Winterranfang fallen die Bl\u00e4tter sehr schnell und bilden einen goldnen Teppich am Fusse der Pflanze.<\/p>\n","protected":false},"excerpt":{"rendered":"<p>M\u00e4nnlich. W\u00e4chst aufrecht und eng kegelf\u00f6rmig. Das Blattwerk f\u00e4rbt sich gleichm\u00e4ssig intensivgolgelb im Herbst. Am Winterranfang fallen die Bl\u00e4tter sehr schnell und bilden einen goldnen Teppich am Fusse der Pflanze.<\/p>\n","protected":false},"featured_media":0,"template":"","meta":{"_acf_changed":false},"product_brand":[],"product_cat":[8825],"product_tag":[10898,8401,10902],"class_list":{"0":"post-15072","1":"product","2":"type-product","3":"status-publish","5":"product_cat-koniferen","6":"product_tag-naturlichen","7":"product_tag-hochstamm","8":"product_tag-stammbusch","9":"pa_altezza-massima-800-de","10":"pa_altezza-massima-12-meter","11":"pa_condizionamento-m-de","12":"pa_famiglia-ginkgoaceae-de","13":"pa_genere-ginkgo-de","14":"pa_origine-u-s-a","15":"pa_portamento-conico-de","16":"pa_resistenza-climatica-sehr-hoch","17":"pa_resistenza-del-suolo-bestandig-gegen-kalkhaltige-boden","18":"pa_utilizzo-kleine-gaerten","19":"pa_utilizzo-parks-de","21":"first","22":"instock","23":"purchasable","24":"product-type-simple"},"acf":[],"_links":{"self":[{"href":"https:\/\/innocentiemangonipiante.it\/de\/wp-json\/wp\/v2\/product\/15072","targetHints":{"allow":["GET"]}}],"collection":[{"href":"https:\/\/innocentiemangonipiante.it\/de\/wp-json\/wp\/v2\/product"}],"about":[{"href":"https:\/\/innocentiemangonipiante.it\/de\/wp-json\/wp\/v2\/types\/product"}],"wp:attachment":[{"href":"https:\/\/innocentiemangonipiante.it\/de\/wp-json\/wp\/v2\/media?parent=15072"}],"wp:term":[{"taxonomy":"product_brand","embeddable":true,"href":"https:\/\/innocentiemangonipiante.it\/de\/wp-json\/wp\/v2\/product_brand?post=15072"},{"taxonomy":"product_cat","embeddable":true,"href":"https:\/\/innocentiemangonipiante.it\/de\/wp-json\/wp\/v2\/product_cat?post=15072"},{"taxonomy":"product_tag","embeddable":true,"href":"https:\/\/innocentiemangonipiante.it\/de\/wp-json\/wp\/v2\/product_tag?post=15072"}],"curies":[{"name":"wp","href":"https:\/\/api.w.org\/{rel}","templated":true}]}}