{"id":15075,"date":"2023-11-04T01:02:42","date_gmt":"2023-11-04T00:02:42","guid":{"rendered":"http:\/\/innocentiemangonipiante.it\/ginkgo-biloba\/"},"modified":"2023-11-06T18:25:15","modified_gmt":"2023-11-06T17:25:15","slug":"ginkgo-biloba","status":"publish","type":"product","link":"https:\/\/innocentiemangonipiante.it\/de\/ginkgo-biloba\/","title":{"rendered":"GINKGO biloba"},"content":{"rendered":"<p>\u201cF\u00e4cherblattbaum\u201d. Aufrechter, sommergr\u00fcner Nadelbaum. Die gefurchte Rinde ist mattgrau-gelblich. Die gr\u00fcnen bis hellgr\u00fcnen Bl\u00e4tter sind flach, f\u00e4cherf\u00f6rmig und werden im Herbst goldgelb.<\/p>\n","protected":false},"excerpt":{"rendered":"<p>\u201cF\u00e4cherblattbaum\u201d. Aufrechter, sommergr\u00fcner Nadelbaum. Die gefurchte Rinde ist mattgrau-gelblich. Die gr\u00fcnen bis hellgr\u00fcnen Bl\u00e4tter sind flach, f\u00e4cherf\u00f6rmig und werden im Herbst goldgelb.<\/p>\n","protected":false},"featured_media":2807,"template":"","meta":{"_acf_changed":false},"product_brand":[],"product_cat":[8825,9231],"product_tag":[10898,8401,8597,10902],"class_list":{"0":"post-15075","1":"product","2":"type-product","3":"status-publish","4":"has-post-thumbnail","6":"product_cat-koniferen","7":"product_cat-baume-und-pflanzen-der-zukunft","8":"product_tag-naturlichen","9":"product_tag-hochstamm","10":"product_tag-multistamm","11":"product_tag-stammbusch","12":"pa_altezza-massima-15-meter","13":"pa_altezza-massima-25-meter","14":"pa_colore-fioritura-gelbe","15":"pa_condizionamento-clt-de","16":"pa_condizionamento-jungplanzen","17":"pa_condizionamento-m-de","18":"pa_famiglia-ginkgoaceae-de","19":"pa_genere-ginkgo-de","20":"pa_inquinamento-bestaendigkeit-gegen-smog","21":"pa_origine-ostasien","22":"pa_periodo-fioritura-april-de","23":"pa_periodo-fioritura-mai-de","24":"pa_portamento-conico-de","25":"pa_resistenza-climatica-sehr-hoch","26":"pa_resistenza-del-suolo-bestandig-gegen-kalkhaltige-boden","27":"pa_utilizzo-alleen","28":"pa_utilizzo-parks-de","30":"first","31":"instock","32":"purchasable","33":"product-type-simple"},"acf":[],"_links":{"self":[{"href":"https:\/\/innocentiemangonipiante.it\/de\/wp-json\/wp\/v2\/product\/15075","targetHints":{"allow":["GET"]}}],"collection":[{"href":"https:\/\/innocentiemangonipiante.it\/de\/wp-json\/wp\/v2\/product"}],"about":[{"href":"https:\/\/innocentiemangonipiante.it\/de\/wp-json\/wp\/v2\/types\/product"}],"wp:featuredmedia":[{"embeddable":true,"href":"https:\/\/innocentiemangonipiante.it\/de\/wp-json\/wp\/v2\/media\/2807"}],"wp:attachment":[{"href":"https:\/\/innocentiemangonipiante.it\/de\/wp-json\/wp\/v2\/media?parent=15075"}],"wp:term":[{"taxonomy":"product_brand","embeddable":true,"href":"https:\/\/innocentiemangonipiante.it\/de\/wp-json\/wp\/v2\/product_brand?post=15075"},{"taxonomy":"product_cat","embeddable":true,"href":"https:\/\/innocentiemangonipiante.it\/de\/wp-json\/wp\/v2\/product_cat?post=15075"},{"taxonomy":"product_tag","embeddable":true,"href":"https:\/\/innocentiemangonipiante.it\/de\/wp-json\/wp\/v2\/product_tag?post=15075"}],"curies":[{"name":"wp","href":"https:\/\/api.w.org\/{rel}","templated":true}]}}