{"id":15077,"date":"2023-11-04T01:04:29","date_gmt":"2023-11-04T00:04:29","guid":{"rendered":"http:\/\/innocentiemangonipiante.it\/gleditsia-triacanthos-skyline\/"},"modified":"2023-11-06T18:26:16","modified_gmt":"2023-11-06T17:26:16","slug":"gleditsia-triacanthos-skyline","status":"publish","type":"product","link":"https:\/\/innocentiemangonipiante.it\/de\/gleditsia-triacanthos-skyline\/","title":{"rendered":"GLEDITSIA triacanthos &#8218;Skyline&#8216; \u00ae"},"content":{"rendered":"<p>Sommergr\u00fcner, pyramidaler Baum mit r\u00f6tlich-brauner bis grauer dornloser Rinde. Die wechselst\u00e4ndigen, 2 bis 2,5 cm langen Bl\u00e4tter sind leuchtend gr\u00fcn und f\u00e4rben sich im Herbst gelb. Im Juni-Juli hellgr\u00fcne 5-7 cm lange Bl\u00fctentrauben.<\/p>\n","protected":false},"excerpt":{"rendered":"<p>Sommergr\u00fcner, pyramidaler Baum mit r\u00f6tlich-brauner bis grauer dornloser Rinde. Die wechselst\u00e4ndigen, 2 bis 2,5 cm langen Bl\u00e4tter sind leuchtend gr\u00fcn und f\u00e4rben sich im Herbst gelb. Im Juni-Juli hellgr\u00fcne 5-7 cm lange Bl\u00fctentrauben.<\/p>\n","protected":false},"featured_media":2846,"template":"","meta":{"_acf_changed":false},"product_brand":[],"product_cat":[8813,9231],"product_tag":[10898,8401],"class_list":{"0":"post-15077","1":"product","2":"type-product","3":"status-publish","4":"has-post-thumbnail","6":"product_cat-laubbaume-und-straucher","7":"product_cat-baume-und-pflanzen-der-zukunft","8":"product_tag-naturlichen","9":"product_tag-hochstamm","10":"pa_altezza-massima-1000-de-2","11":"pa_altezza-massima-15-meter","12":"pa_condizionamento-clt-de","13":"pa_condizionamento-m-de","14":"pa_famiglia-leguminosae-de","15":"pa_genere-gleditsia-de","16":"pa_inquinamento-bestaendigkeit-gegen-smog","17":"pa_origine-u-s-a","18":"pa_periodo-fioritura-juli","19":"pa_periodo-fioritura-juni","20":"pa_portamento-piramidale-de","21":"pa_resistenza-climatica-sehr-hoch","22":"pa_resistenza-del-suolo-bestandig-gegen-kalkhaltige-boden","23":"pa_resistenza-del-suolo-bestandig-gegen-trockene-boden","24":"pa_resistenza-del-suolo-resistent-gegen-arme-boeden","25":"pa_salinita-bestaendigkeit-in-meeresluft","26":"pa_utilizzo-alleen","27":"pa_utilizzo-parks-de","29":"first","30":"instock","31":"purchasable","32":"product-type-simple"},"acf":[],"_links":{"self":[{"href":"https:\/\/innocentiemangonipiante.it\/de\/wp-json\/wp\/v2\/product\/15077","targetHints":{"allow":["GET"]}}],"collection":[{"href":"https:\/\/innocentiemangonipiante.it\/de\/wp-json\/wp\/v2\/product"}],"about":[{"href":"https:\/\/innocentiemangonipiante.it\/de\/wp-json\/wp\/v2\/types\/product"}],"wp:featuredmedia":[{"embeddable":true,"href":"https:\/\/innocentiemangonipiante.it\/de\/wp-json\/wp\/v2\/media\/2846"}],"wp:attachment":[{"href":"https:\/\/innocentiemangonipiante.it\/de\/wp-json\/wp\/v2\/media?parent=15077"}],"wp:term":[{"taxonomy":"product_brand","embeddable":true,"href":"https:\/\/innocentiemangonipiante.it\/de\/wp-json\/wp\/v2\/product_brand?post=15077"},{"taxonomy":"product_cat","embeddable":true,"href":"https:\/\/innocentiemangonipiante.it\/de\/wp-json\/wp\/v2\/product_cat?post=15077"},{"taxonomy":"product_tag","embeddable":true,"href":"https:\/\/innocentiemangonipiante.it\/de\/wp-json\/wp\/v2\/product_tag?post=15077"}],"curies":[{"name":"wp","href":"https:\/\/api.w.org\/{rel}","templated":true}]}}