{"id":15079,"date":"2023-11-04T01:04:17","date_gmt":"2023-11-04T00:04:17","guid":{"rendered":"http:\/\/innocentiemangonipiante.it\/gleditsia-triacanthos-inermis\/"},"modified":"2023-11-06T18:26:09","modified_gmt":"2023-11-06T17:26:09","slug":"gleditsia-triacanthos-inermis","status":"publish","type":"product","link":"https:\/\/innocentiemangonipiante.it\/de\/gleditsia-triacanthos-inermis\/","title":{"rendered":"GLEDITSIA triacanthos &#8218;Inermis&#8216;"},"content":{"rendered":"<p>S\u00e4mling. Ausladender Habitus, dunkelgr\u00fcne gl\u00e4nzende bis 25cm lange Bl\u00e4tter. Gelbe Herbstf\u00e4rbung. Tr\u00e4gt keine D\u00f6rner.<\/p>\n","protected":false},"excerpt":{"rendered":"<p>S\u00e4mling. Ausladender Habitus, dunkelgr\u00fcne gl\u00e4nzende bis 25cm lange Bl\u00e4tter. Gelbe Herbstf\u00e4rbung. Tr\u00e4gt keine D\u00f6rner.<\/p>\n","protected":false},"featured_media":2834,"template":"","meta":{"_acf_changed":false},"product_brand":[],"product_cat":[8813,9231],"product_tag":[10898,8401],"class_list":{"0":"post-15079","1":"product","2":"type-product","3":"status-publish","4":"has-post-thumbnail","6":"product_cat-laubbaume-und-straucher","7":"product_cat-baume-und-pflanzen-der-zukunft","8":"product_tag-naturlichen","9":"product_tag-hochstamm","10":"pa_altezza-massima-20-meter","11":"pa_altezza-massima-30-meter","12":"pa_condizionamento-clt-de","13":"pa_condizionamento-m-de","14":"pa_famiglia-leguminosae-de","15":"pa_genere-gleditsia-de","16":"pa_inquinamento-bestaendigkeit-gegen-smog","17":"pa_origine-u-s-a","18":"pa_portamento-allargato-de","19":"pa_resistenza-climatica-sehr-hoch","20":"pa_resistenza-del-suolo-bestandig-gegen-kalkhaltige-boden","21":"pa_resistenza-del-suolo-bestandig-gegen-trockene-boden","22":"pa_resistenza-del-suolo-resistent-gegen-arme-boeden","23":"pa_salinita-bestaendigkeit-in-meeresluft","24":"pa_utilizzo-alleen","26":"first","27":"instock","28":"purchasable","29":"product-type-simple"},"acf":[],"_links":{"self":[{"href":"https:\/\/innocentiemangonipiante.it\/de\/wp-json\/wp\/v2\/product\/15079","targetHints":{"allow":["GET"]}}],"collection":[{"href":"https:\/\/innocentiemangonipiante.it\/de\/wp-json\/wp\/v2\/product"}],"about":[{"href":"https:\/\/innocentiemangonipiante.it\/de\/wp-json\/wp\/v2\/types\/product"}],"wp:featuredmedia":[{"embeddable":true,"href":"https:\/\/innocentiemangonipiante.it\/de\/wp-json\/wp\/v2\/media\/2834"}],"wp:attachment":[{"href":"https:\/\/innocentiemangonipiante.it\/de\/wp-json\/wp\/v2\/media?parent=15079"}],"wp:term":[{"taxonomy":"product_brand","embeddable":true,"href":"https:\/\/innocentiemangonipiante.it\/de\/wp-json\/wp\/v2\/product_brand?post=15079"},{"taxonomy":"product_cat","embeddable":true,"href":"https:\/\/innocentiemangonipiante.it\/de\/wp-json\/wp\/v2\/product_cat?post=15079"},{"taxonomy":"product_tag","embeddable":true,"href":"https:\/\/innocentiemangonipiante.it\/de\/wp-json\/wp\/v2\/product_tag?post=15079"}],"curies":[{"name":"wp","href":"https:\/\/api.w.org\/{rel}","templated":true}]}}