{"id":15080,"date":"2023-11-04T01:04:11","date_gmt":"2023-11-04T00:04:11","guid":{"rendered":"http:\/\/innocentiemangonipiante.it\/gleditsia-triacanthos-elegantissima\/"},"modified":"2023-11-06T18:26:06","modified_gmt":"2023-11-06T17:26:06","slug":"gleditsia-triacanthos-elegantissima","status":"publish","type":"product","link":"https:\/\/innocentiemangonipiante.it\/de\/gleditsia-triacanthos-elegantissima\/","title":{"rendered":"GLEDITSIA triacanthos &#8218;Elegantissima&#8216;"},"content":{"rendered":"<p>Kleiner Baum mit kompaktem, kugelf\u00f6rmigem Wuchs. Sehr geeignet f\u00fcr kleine G\u00e4rten, Park-und Strassebepflanzungen und \u00fcberall wo es ein kleinwachsender Baum n\u00f6tig ist.<\/p>\n","protected":false},"excerpt":{"rendered":"<p>Kleiner Baum mit kompaktem, kugelf\u00f6rmigem Wuchs. Sehr geeignet f\u00fcr kleine G\u00e4rten, Park-und Strassebepflanzungen und \u00fcberall wo es ein kleinwachsender Baum n\u00f6tig ist.<\/p>\n","protected":false},"featured_media":44929,"template":"","meta":{"_acf_changed":false},"product_brand":[],"product_cat":[8813],"product_tag":[10898,8401],"class_list":{"0":"post-15080","1":"product","2":"type-product","3":"status-publish","4":"has-post-thumbnail","6":"product_cat-laubbaume-und-straucher","7":"product_tag-naturlichen","8":"product_tag-hochstamm","9":"pa_altezza-massima-300-de","10":"pa_altezza-massima-400-de","11":"pa_condizionamento-m-de","12":"pa_famiglia-leguminosae-de","13":"pa_genere-gleditsia-de","14":"pa_inquinamento-bestaendigkeit-gegen-smog","15":"pa_origine-u-s-a","16":"pa_periodo-fruttificazione-august-de","17":"pa_periodo-fruttificazione-juli","18":"pa_portamento-arrotondato-de","19":"pa_resistenza-climatica-sehr-hoch","20":"pa_resistenza-del-suolo-bestandig-gegen-kalkhaltige-boden","21":"pa_resistenza-del-suolo-resistent-gegen-arme-boeden","22":"pa_utilizzo-alleen","23":"pa_utilizzo-kleine-gaerten","24":"pa_utilizzo-parks-de","26":"first","27":"instock","28":"purchasable","29":"product-type-simple"},"acf":[],"_links":{"self":[{"href":"https:\/\/innocentiemangonipiante.it\/de\/wp-json\/wp\/v2\/product\/15080","targetHints":{"allow":["GET"]}}],"collection":[{"href":"https:\/\/innocentiemangonipiante.it\/de\/wp-json\/wp\/v2\/product"}],"about":[{"href":"https:\/\/innocentiemangonipiante.it\/de\/wp-json\/wp\/v2\/types\/product"}],"wp:featuredmedia":[{"embeddable":true,"href":"https:\/\/innocentiemangonipiante.it\/de\/wp-json\/wp\/v2\/media\/44929"}],"wp:attachment":[{"href":"https:\/\/innocentiemangonipiante.it\/de\/wp-json\/wp\/v2\/media?parent=15080"}],"wp:term":[{"taxonomy":"product_brand","embeddable":true,"href":"https:\/\/innocentiemangonipiante.it\/de\/wp-json\/wp\/v2\/product_brand?post=15080"},{"taxonomy":"product_cat","embeddable":true,"href":"https:\/\/innocentiemangonipiante.it\/de\/wp-json\/wp\/v2\/product_cat?post=15080"},{"taxonomy":"product_tag","embeddable":true,"href":"https:\/\/innocentiemangonipiante.it\/de\/wp-json\/wp\/v2\/product_tag?post=15080"}],"curies":[{"name":"wp","href":"https:\/\/api.w.org\/{rel}","templated":true}]}}