{"id":15081,"date":"2023-11-04T01:04:54","date_gmt":"2023-11-04T00:04:54","guid":{"rendered":"http:\/\/innocentiemangonipiante.it\/grevillea-juniperina\/"},"modified":"2023-11-06T18:26:32","modified_gmt":"2023-11-06T17:26:32","slug":"grevillea-juniperina","status":"publish","type":"product","link":"https:\/\/innocentiemangonipiante.it\/de\/grevillea-juniperina\/","title":{"rendered":"GREVILLEA juniperina"},"content":{"rendered":"<p>Immergr\u00fcner Strauch mit breitem bis geducktem Wuchs. Die nadelf\u00f6rmigen 1-2 cm langen Bl\u00e4tter sind gr\u00fcn Ende Fr\u00fchjahr bis Mitte Sommer erbl\u00fchen rote Bl\u00fcten, die in 6 cm langen Trauben nach unten h\u00e4ngen.<\/p>\n","protected":false},"excerpt":{"rendered":"<p>Immergr\u00fcner Strauch mit breitem bis geducktem Wuchs. Die nadelf\u00f6rmigen 1-2 cm langen Bl\u00e4tter sind gr\u00fcn Ende Fr\u00fchjahr bis Mitte Sommer erbl\u00fchen rote Bl\u00fcten, die in 6 cm langen Trauben nach unten h\u00e4ngen.<\/p>\n","protected":false},"featured_media":2853,"template":"","meta":{"_acf_changed":false},"product_brand":[],"product_cat":[8816,9231],"product_tag":[10898],"class_list":{"0":"post-15081","1":"product","2":"type-product","3":"status-publish","4":"has-post-thumbnail","6":"product_cat-hartnaeckige-baeume-und-straeucher","7":"product_cat-baume-und-pflanzen-der-zukunft","8":"product_tag-naturlichen","9":"pa_altezza-massima-150-de","10":"pa_altezza-massima-200-de","11":"pa_colore-fioritura-rot","12":"pa_condizionamento-clt-de","13":"pa_famiglia-proteaceae-de","14":"pa_genere-grevillea-de","15":"pa_origine-australien","16":"pa_periodo-fioritura-juli","17":"pa_periodo-fioritura-juni","18":"pa_periodo-fioritura-mai-de","19":"pa_portamento-allargato-de","20":"pa_resistenza-climatica-mittel","21":"pa_resistenza-del-suolo-bestandig-gegen-trockene-boden","22":"pa_salinita-bestaendigkeit-in-meeresluft","23":"pa_utilizzo-balkone","24":"pa_utilizzo-kleine-gaerten","26":"first","27":"instock","28":"purchasable","29":"product-type-simple"},"acf":[],"_links":{"self":[{"href":"https:\/\/innocentiemangonipiante.it\/de\/wp-json\/wp\/v2\/product\/15081","targetHints":{"allow":["GET"]}}],"collection":[{"href":"https:\/\/innocentiemangonipiante.it\/de\/wp-json\/wp\/v2\/product"}],"about":[{"href":"https:\/\/innocentiemangonipiante.it\/de\/wp-json\/wp\/v2\/types\/product"}],"wp:featuredmedia":[{"embeddable":true,"href":"https:\/\/innocentiemangonipiante.it\/de\/wp-json\/wp\/v2\/media\/2853"}],"wp:attachment":[{"href":"https:\/\/innocentiemangonipiante.it\/de\/wp-json\/wp\/v2\/media?parent=15081"}],"wp:term":[{"taxonomy":"product_brand","embeddable":true,"href":"https:\/\/innocentiemangonipiante.it\/de\/wp-json\/wp\/v2\/product_brand?post=15081"},{"taxonomy":"product_cat","embeddable":true,"href":"https:\/\/innocentiemangonipiante.it\/de\/wp-json\/wp\/v2\/product_cat?post=15081"},{"taxonomy":"product_tag","embeddable":true,"href":"https:\/\/innocentiemangonipiante.it\/de\/wp-json\/wp\/v2\/product_tag?post=15081"}],"curies":[{"name":"wp","href":"https:\/\/api.w.org\/{rel}","templated":true}]}}