{"id":15083,"date":"2023-11-04T01:05:56","date_gmt":"2023-11-04T00:05:56","guid":{"rendered":"http:\/\/innocentiemangonipiante.it\/hamamelis-mollis\/"},"modified":"2023-11-06T18:27:22","modified_gmt":"2023-11-06T17:27:22","slug":"hamamelis-mollis","status":"publish","type":"product","link":"https:\/\/innocentiemangonipiante.it\/de\/hamamelis-mollis\/","title":{"rendered":"HAMAMELIS mollis"},"content":{"rendered":"<p>Strauch mit aufrechtem Wuchs. Die ovalen bis eif\u00f6rmigen mittelgr\u00fcnen Bl\u00e4tter sind mit weichem 15 cm langem Flaum besetzt, der sich im Herbst goldgelb f\u00e4rbt. Mitte-Ende Winter wachsen sehr stark duftende Bl\u00fcten auf den noch blattlosen Zweigen. Verf\u00fcgbar in den Farben: Gelb, Ockergelb, Zitronengelb, Orange, Rot.<\/p>\n","protected":false},"excerpt":{"rendered":"<p>Strauch mit aufrechtem Wuchs. Die ovalen bis eif\u00f6rmigen mittelgr\u00fcnen Bl\u00e4tter sind mit weichem 15 cm langem Flaum besetzt, der sich im Herbst goldgelb f\u00e4rbt. Mitte-Ende Winter wachsen sehr stark duftende Bl\u00fcten auf den noch blattlosen Zweigen. Verf\u00fcgbar in den Farben: Gelb, Ockergelb, Zitronengelb, Orange, Rot.<\/p>\n","protected":false},"featured_media":2871,"template":"","meta":{"_acf_changed":false},"product_brand":[],"product_cat":[8813],"product_tag":[10898],"class_list":{"0":"post-15083","1":"product","2":"type-product","3":"status-publish","4":"has-post-thumbnail","6":"product_cat-laubbaume-und-straucher","7":"product_tag-naturlichen","8":"pa_altezza-massima-300-de","9":"pa_altezza-massima-400-de","10":"pa_colore-fioritura-gelbe","11":"pa_condizionamento-clt-de","12":"pa_famiglia-hamamelidaceae-de","13":"pa_genere-hamamelis-de","14":"pa_inquinamento-bestaendigkeit-gegen-smog","15":"pa_origine-ostasien","16":"pa_periodo-fioritura-dezember","17":"pa_periodo-fioritura-januar","18":"pa_periodo-fioritura-november-de","19":"pa_portamento-eretto-de","20":"pa_profumo-zart","21":"pa_resistenza-climatica-sehr-hoch","22":"pa_utilizzo-kleine-gaerten","24":"first","25":"instock","26":"purchasable","27":"product-type-simple"},"acf":[],"_links":{"self":[{"href":"https:\/\/innocentiemangonipiante.it\/de\/wp-json\/wp\/v2\/product\/15083","targetHints":{"allow":["GET"]}}],"collection":[{"href":"https:\/\/innocentiemangonipiante.it\/de\/wp-json\/wp\/v2\/product"}],"about":[{"href":"https:\/\/innocentiemangonipiante.it\/de\/wp-json\/wp\/v2\/types\/product"}],"wp:featuredmedia":[{"embeddable":true,"href":"https:\/\/innocentiemangonipiante.it\/de\/wp-json\/wp\/v2\/media\/2871"}],"wp:attachment":[{"href":"https:\/\/innocentiemangonipiante.it\/de\/wp-json\/wp\/v2\/media?parent=15083"}],"wp:term":[{"taxonomy":"product_brand","embeddable":true,"href":"https:\/\/innocentiemangonipiante.it\/de\/wp-json\/wp\/v2\/product_brand?post=15083"},{"taxonomy":"product_cat","embeddable":true,"href":"https:\/\/innocentiemangonipiante.it\/de\/wp-json\/wp\/v2\/product_cat?post=15083"},{"taxonomy":"product_tag","embeddable":true,"href":"https:\/\/innocentiemangonipiante.it\/de\/wp-json\/wp\/v2\/product_tag?post=15083"}],"curies":[{"name":"wp","href":"https:\/\/api.w.org\/{rel}","templated":true}]}}