{"id":15084,"date":"2023-11-04T01:06:44","date_gmt":"2023-11-04T00:06:44","guid":{"rendered":"http:\/\/innocentiemangonipiante.it\/hebe-in-varieta\/"},"modified":"2023-11-06T18:27:43","modified_gmt":"2023-11-06T17:27:43","slug":"hebe-in-varieta","status":"publish","type":"product","link":"https:\/\/innocentiemangonipiante.it\/de\/hebe-in-varieta\/","title":{"rendered":"HEBE in variet\u00e0"},"content":{"rendered":"<p>Diese etwa 100 Arten, tragen heute auch alle den Namen Veronica, Hebe ist jetzt synonym. So ist der deutsche Name Neuseel\u00e4ndische Strauch-Veronika. Immergr\u00fcner Strauch-Arten, die bis ca. 150 cm H\u00f6he erreichen. Die Blatttypen reichen von gelblichen, koniferenartigen Schuppen \u00fcber rundlich blau-graue Typen bis hin zu bl\u00e4ulichen Bl\u00e4ttchen an schwarzen Zweigen. Die Blute im Herbst sind meistens wei\u00df oder Lila.<\/p>\n","protected":false},"excerpt":{"rendered":"<p>Diese etwa 100 Arten, tragen heute auch alle den Namen Veronica, Hebe ist jetzt synonym. So ist der deutsche Name Neuseel\u00e4ndische Strauch-Veronika. Immergr\u00fcner Strauch-Arten, die bis ca. 150 cm H\u00f6he erreichen. Die Blatttypen reichen von gelblichen, koniferenartigen Schuppen \u00fcber rundlich blau-graue Typen bis hin zu bl\u00e4ulichen Bl\u00e4ttchen an schwarzen Zweigen. Die Blute im Herbst sind [&hellip;]<\/p>\n","protected":false},"featured_media":22341,"template":"","meta":{"_acf_changed":false},"product_brand":[],"product_cat":[8816],"product_tag":[10898],"class_list":{"0":"post-15084","1":"product","2":"type-product","3":"status-publish","4":"has-post-thumbnail","6":"product_cat-hartnaeckige-baeume-und-straeucher","7":"product_tag-naturlichen","8":"pa_altezza-massima-0_30-meter","9":"pa_altezza-massima-0_50-meter","10":"pa_colore-delle-foglie-vielfaeltigen","11":"pa_colore-fioritura-violett","12":"pa_condizionamento-clt-de","13":"pa_famiglia-scrophulariaceae-de","14":"pa_genere-hebe-de","15":"pa_origine-neuseeland-de","16":"pa_periodo-fioritura-august-de","17":"pa_periodo-fioritura-juli","18":"pa_periodo-fioritura-november-de","19":"pa_periodo-fioritura-oktober","20":"pa_portamento-cespuglioso-de","21":"pa_resistenza-climatica-mittel-hoch","22":"pa_salinita-bestaendigkeit-in-meeresluft","23":"pa_utilizzo-balkone","24":"pa_utilizzo-kleine-gaerten","26":"first","27":"instock","28":"purchasable","29":"product-type-simple"},"acf":[],"_links":{"self":[{"href":"https:\/\/innocentiemangonipiante.it\/de\/wp-json\/wp\/v2\/product\/15084","targetHints":{"allow":["GET"]}}],"collection":[{"href":"https:\/\/innocentiemangonipiante.it\/de\/wp-json\/wp\/v2\/product"}],"about":[{"href":"https:\/\/innocentiemangonipiante.it\/de\/wp-json\/wp\/v2\/types\/product"}],"wp:featuredmedia":[{"embeddable":true,"href":"https:\/\/innocentiemangonipiante.it\/de\/wp-json\/wp\/v2\/media\/22341"}],"wp:attachment":[{"href":"https:\/\/innocentiemangonipiante.it\/de\/wp-json\/wp\/v2\/media?parent=15084"}],"wp:term":[{"taxonomy":"product_brand","embeddable":true,"href":"https:\/\/innocentiemangonipiante.it\/de\/wp-json\/wp\/v2\/product_brand?post=15084"},{"taxonomy":"product_cat","embeddable":true,"href":"https:\/\/innocentiemangonipiante.it\/de\/wp-json\/wp\/v2\/product_cat?post=15084"},{"taxonomy":"product_tag","embeddable":true,"href":"https:\/\/innocentiemangonipiante.it\/de\/wp-json\/wp\/v2\/product_tag?post=15084"}],"curies":[{"name":"wp","href":"https:\/\/api.w.org\/{rel}","templated":true}]}}