{"id":15085,"date":"2023-11-04T01:07:47","date_gmt":"2023-11-04T00:07:47","guid":{"rendered":"http:\/\/innocentiemangonipiante.it\/hedera-hibernica\/"},"modified":"2023-11-06T18:28:41","modified_gmt":"2023-11-06T17:28:41","slug":"hedera-hibernica","status":"publish","type":"product","link":"https:\/\/innocentiemangonipiante.it\/de\/hedera-hibernica\/","title":{"rendered":"HEDERA hibernica"},"content":{"rendered":"<p>\u201cIrl\u00e4ndischer Efeu\u201d. Gro\u00dfbl\u00e4ttrige, raschwachsende Form. Dunkelgr\u00fcne. f\u00fcnflappige Bl\u00e4tter 5-12 cm lang, hellgr\u00fcne Nerven.<\/p>\n","protected":false},"excerpt":{"rendered":"<p>\u201cIrl\u00e4ndischer Efeu\u201d. Gro\u00dfbl\u00e4ttrige, raschwachsende Form. Dunkelgr\u00fcne. f\u00fcnflappige Bl\u00e4tter 5-12 cm lang, hellgr\u00fcne Nerven.<\/p>\n","protected":false},"featured_media":2932,"template":"","meta":{"_acf_changed":false},"product_brand":[],"product_cat":[8837],"product_tag":[10898,8751],"class_list":{"0":"post-15085","1":"product","2":"type-product","3":"status-publish","4":"has-post-thumbnail","6":"product_cat-schlingpflanzen","7":"product_tag-naturlichen","8":"product_tag-spalier","9":"pa_altezza-massima-500-de","10":"pa_altezza-massima-1000-de-2","11":"pa_colore-delle-foglie-vielfaeltigen","12":"pa_colore-fioritura-gelbe","13":"pa_condizionamento-clt-de","14":"pa_condizionamento-jungplanzen","15":"pa_condizionamento-viereckigertops","16":"pa_famiglia-araliaceae-de","17":"pa_genere-hedera-de","18":"pa_origine-irland","19":"pa_periodo-fioritura-oktober","20":"pa_periodo-fioritura-september-de","21":"pa_portamento-schlingpflanze","22":"pa_resistenza-climatica-sehr-hoch","23":"pa_resistenza-del-suolo-bestandig-gegen-kalkhaltige-boden","24":"pa_salinita-bestaendigkeit-in-meeresluft","25":"pa_utilizzo-balkone","26":"pa_utilizzo-kleine-gaerten","27":"pa_utilizzo-parks-de","29":"first","30":"instock","31":"purchasable","32":"product-type-simple"},"acf":[],"_links":{"self":[{"href":"https:\/\/innocentiemangonipiante.it\/de\/wp-json\/wp\/v2\/product\/15085","targetHints":{"allow":["GET"]}}],"collection":[{"href":"https:\/\/innocentiemangonipiante.it\/de\/wp-json\/wp\/v2\/product"}],"about":[{"href":"https:\/\/innocentiemangonipiante.it\/de\/wp-json\/wp\/v2\/types\/product"}],"wp:featuredmedia":[{"embeddable":true,"href":"https:\/\/innocentiemangonipiante.it\/de\/wp-json\/wp\/v2\/media\/2932"}],"wp:attachment":[{"href":"https:\/\/innocentiemangonipiante.it\/de\/wp-json\/wp\/v2\/media?parent=15085"}],"wp:term":[{"taxonomy":"product_brand","embeddable":true,"href":"https:\/\/innocentiemangonipiante.it\/de\/wp-json\/wp\/v2\/product_brand?post=15085"},{"taxonomy":"product_cat","embeddable":true,"href":"https:\/\/innocentiemangonipiante.it\/de\/wp-json\/wp\/v2\/product_cat?post=15085"},{"taxonomy":"product_tag","embeddable":true,"href":"https:\/\/innocentiemangonipiante.it\/de\/wp-json\/wp\/v2\/product_tag?post=15085"}],"curies":[{"name":"wp","href":"https:\/\/api.w.org\/{rel}","templated":true}]}}