{"id":15086,"date":"2023-11-04T01:07:41","date_gmt":"2023-11-04T00:07:41","guid":{"rendered":"http:\/\/innocentiemangonipiante.it\/hedera-helix-sagittifolia\/"},"modified":"2023-11-06T18:28:10","modified_gmt":"2023-11-06T17:28:10","slug":"hedera-helix-sagittifolia","status":"publish","type":"product","link":"https:\/\/innocentiemangonipiante.it\/de\/hedera-helix-sagittifolia\/","title":{"rendered":"HEDERA helix &#8218;Sagittifolia&#8216;"},"content":{"rendered":"<p>Dreieckige, zehnlappige, 10 bis 15 cm lange dunkelgr\u00fcne Bl\u00e4tter mit markanten grau-hellgrauen \u00c4derungen.<\/p>\n","protected":false},"excerpt":{"rendered":"<p>Dreieckige, zehnlappige, 10 bis 15 cm lange dunkelgr\u00fcne Bl\u00e4tter mit markanten grau-hellgrauen \u00c4derungen.<\/p>\n","protected":false},"featured_media":2926,"template":"","meta":{"_acf_changed":false},"product_brand":[],"product_cat":[8837],"product_tag":[10898,8751],"class_list":{"0":"post-15086","1":"product","2":"type-product","3":"status-publish","4":"has-post-thumbnail","6":"product_cat-schlingpflanzen","7":"product_tag-naturlichen","8":"product_tag-spalier","9":"pa_altezza-massima-400-de","10":"pa_altezza-massima-600-de","11":"pa_colore-fioritura-gelbe","12":"pa_condizionamento-clt-de","13":"pa_famiglia-araliaceae-de","14":"pa_genere-hedera-de","15":"pa_origine-europe-de","16":"pa_periodo-fioritura-oktober","17":"pa_periodo-fioritura-september-de","18":"pa_portamento-schlingpflanze","19":"pa_resistenza-climatica-sehr-hoch","20":"pa_resistenza-del-suolo-bestandig-gegen-kalkhaltige-boden","21":"pa_salinita-bestaendigkeit-in-meeresluft","22":"pa_utilizzo-balkone","23":"pa_utilizzo-kleine-gaerten","24":"pa_utilizzo-parks-de","26":"first","27":"instock","28":"purchasable","29":"product-type-simple"},"acf":[],"_links":{"self":[{"href":"https:\/\/innocentiemangonipiante.it\/de\/wp-json\/wp\/v2\/product\/15086","targetHints":{"allow":["GET"]}}],"collection":[{"href":"https:\/\/innocentiemangonipiante.it\/de\/wp-json\/wp\/v2\/product"}],"about":[{"href":"https:\/\/innocentiemangonipiante.it\/de\/wp-json\/wp\/v2\/types\/product"}],"wp:featuredmedia":[{"embeddable":true,"href":"https:\/\/innocentiemangonipiante.it\/de\/wp-json\/wp\/v2\/media\/2926"}],"wp:attachment":[{"href":"https:\/\/innocentiemangonipiante.it\/de\/wp-json\/wp\/v2\/media?parent=15086"}],"wp:term":[{"taxonomy":"product_brand","embeddable":true,"href":"https:\/\/innocentiemangonipiante.it\/de\/wp-json\/wp\/v2\/product_brand?post=15086"},{"taxonomy":"product_cat","embeddable":true,"href":"https:\/\/innocentiemangonipiante.it\/de\/wp-json\/wp\/v2\/product_cat?post=15086"},{"taxonomy":"product_tag","embeddable":true,"href":"https:\/\/innocentiemangonipiante.it\/de\/wp-json\/wp\/v2\/product_tag?post=15086"}],"curies":[{"name":"wp","href":"https:\/\/api.w.org\/{rel}","templated":true}]}}