{"id":15090,"date":"2023-11-04T01:07:14","date_gmt":"2023-11-04T00:07:14","guid":{"rendered":"http:\/\/innocentiemangonipiante.it\/hedera-helix\/"},"modified":"2023-11-06T18:27:58","modified_gmt":"2023-11-06T17:27:58","slug":"hedera-helix","status":"publish","type":"product","link":"https:\/\/innocentiemangonipiante.it\/de\/hedera-helix\/","title":{"rendered":"HEDERA helix"},"content":{"rendered":"<p>Immergr\u00fcne, Kletter- oder Herabpfallendepflanze, robust, mit breit-ovalen bis dreieckigen von 3- bis 5-lobigen gl\u00e4nzenden, dunkelgr\u00fcnen Bl\u00e4ttern, von 4 bis 6 cm lang.<\/p>\n","protected":false},"excerpt":{"rendered":"<p>Immergr\u00fcne, Kletter- oder Herabpfallendepflanze, robust, mit breit-ovalen bis dreieckigen von 3- bis 5-lobigen gl\u00e4nzenden, dunkelgr\u00fcnen Bl\u00e4ttern, von 4 bis 6 cm lang.<\/p>\n","protected":false},"featured_media":2902,"template":"","meta":{"_acf_changed":false},"product_brand":[],"product_cat":[8837],"product_tag":[10898,8751],"class_list":{"0":"post-15090","1":"product","2":"type-product","3":"status-publish","4":"has-post-thumbnail","6":"product_cat-schlingpflanzen","7":"product_tag-naturlichen","8":"product_tag-spalier","9":"pa_altezza-massima-500-de","10":"pa_altezza-massima-1000-de-2","11":"pa_colore-fioritura-gelbe","12":"pa_condizionamento-clt-de","13":"pa_condizionamento-jungplanzen","14":"pa_famiglia-araliaceae-de","15":"pa_genere-hedera-de","16":"pa_inquinamento-bestaendigkeit-gegen-smog","17":"pa_origine-europe-de","18":"pa_periodo-fioritura-oktober","19":"pa_periodo-fioritura-september-de","20":"pa_portamento-schlingpflanze","21":"pa_resistenza-climatica-sehr-hoch","22":"pa_resistenza-del-suolo-bestandig-gegen-kalkhaltige-boden","23":"pa_salinita-bestaendigkeit-in-meeresluft","24":"pa_utilizzo-balkone","25":"pa_utilizzo-kleine-gaerten","26":"pa_utilizzo-parks-de","28":"first","29":"instock","30":"purchasable","31":"product-type-simple"},"acf":[],"_links":{"self":[{"href":"https:\/\/innocentiemangonipiante.it\/de\/wp-json\/wp\/v2\/product\/15090","targetHints":{"allow":["GET"]}}],"collection":[{"href":"https:\/\/innocentiemangonipiante.it\/de\/wp-json\/wp\/v2\/product"}],"about":[{"href":"https:\/\/innocentiemangonipiante.it\/de\/wp-json\/wp\/v2\/types\/product"}],"wp:featuredmedia":[{"embeddable":true,"href":"https:\/\/innocentiemangonipiante.it\/de\/wp-json\/wp\/v2\/media\/2902"}],"wp:attachment":[{"href":"https:\/\/innocentiemangonipiante.it\/de\/wp-json\/wp\/v2\/media?parent=15090"}],"wp:term":[{"taxonomy":"product_brand","embeddable":true,"href":"https:\/\/innocentiemangonipiante.it\/de\/wp-json\/wp\/v2\/product_brand?post=15090"},{"taxonomy":"product_cat","embeddable":true,"href":"https:\/\/innocentiemangonipiante.it\/de\/wp-json\/wp\/v2\/product_cat?post=15090"},{"taxonomy":"product_tag","embeddable":true,"href":"https:\/\/innocentiemangonipiante.it\/de\/wp-json\/wp\/v2\/product_tag?post=15090"}],"curies":[{"name":"wp","href":"https:\/\/api.w.org\/{rel}","templated":true}]}}