{"id":15095,"date":"2023-11-04T01:09:05","date_gmt":"2023-11-04T00:09:05","guid":{"rendered":"http:\/\/innocentiemangonipiante.it\/heptacodium-miconioides\/"},"modified":"2023-11-06T18:29:19","modified_gmt":"2023-11-06T17:29:19","slug":"heptacodium-miconioides","status":"publish","type":"product","link":"https:\/\/innocentiemangonipiante.it\/de\/heptacodium-miconioides\/","title":{"rendered":"HEPTACODIUM miconioides"},"content":{"rendered":"<p>Strauch mit dunkelgr\u00fcnen Bl\u00e4ttern, vom Sp\u00e4tsommer bis zum Sp\u00e4therbst, und produziert kleine wei\u00dfe Bl\u00fcten, die sehr aromatisch und in Trauben gesammelt sind. Den Bl\u00fcten folgen kleine rotviolette Fr\u00fcchte, die mit sehr auff\u00e4lligen rosa Kelchen gekr\u00f6nt sind. Die Rinde bl\u00e4ttert im Winter ab.<\/p>\n","protected":false},"excerpt":{"rendered":"<p>Strauch mit dunkelgr\u00fcnen Bl\u00e4ttern, vom Sp\u00e4tsommer bis zum Sp\u00e4therbst, und produziert kleine wei\u00dfe Bl\u00fcten, die sehr aromatisch und in Trauben gesammelt sind. Den Bl\u00fcten folgen kleine rotviolette Fr\u00fcchte, die mit sehr auff\u00e4lligen rosa Kelchen gekr\u00f6nt sind. Die Rinde bl\u00e4ttert im Winter ab.<\/p>\n","protected":false},"featured_media":2943,"template":"","meta":{"_acf_changed":false},"product_brand":[],"product_cat":[8813,9231],"product_tag":[10898],"class_list":{"0":"post-15095","1":"product","2":"type-product","3":"status-publish","4":"has-post-thumbnail","6":"product_cat-laubbaume-und-straucher","7":"product_cat-baume-und-pflanzen-der-zukunft","8":"product_tag-naturlichen","9":"pa_altezza-massima-400-de","10":"pa_altezza-massima-600-de","11":"pa_colore-fioritura-weis","12":"pa_condizionamento-clt-de","13":"pa_condizionamento-m-de","14":"pa_famiglia-caprifoliaceae-de","15":"pa_genere-heptacodium-de","16":"pa_origine-china-de","17":"pa_periodo-fioritura-august-de","18":"pa_periodo-fioritura-november-de","19":"pa_periodo-fioritura-oktober","20":"pa_periodo-fioritura-september-de","21":"pa_periodo-fruttificazione-november-de","22":"pa_portamento-cespuglioso-de","23":"pa_resistenza-climatica-sehr-hoch","24":"pa_resistenza-del-suolo-bestandig-gegen-kalkhaltige-boden","25":"pa_salinita-bestaendigkeit-in-meeresluft","26":"pa_utilizzo-kleine-gaerten","27":"pa_utilizzo-parks-de","29":"first","30":"instock","31":"purchasable","32":"product-type-simple"},"acf":[],"_links":{"self":[{"href":"https:\/\/innocentiemangonipiante.it\/de\/wp-json\/wp\/v2\/product\/15095","targetHints":{"allow":["GET"]}}],"collection":[{"href":"https:\/\/innocentiemangonipiante.it\/de\/wp-json\/wp\/v2\/product"}],"about":[{"href":"https:\/\/innocentiemangonipiante.it\/de\/wp-json\/wp\/v2\/types\/product"}],"wp:featuredmedia":[{"embeddable":true,"href":"https:\/\/innocentiemangonipiante.it\/de\/wp-json\/wp\/v2\/media\/2943"}],"wp:attachment":[{"href":"https:\/\/innocentiemangonipiante.it\/de\/wp-json\/wp\/v2\/media?parent=15095"}],"wp:term":[{"taxonomy":"product_brand","embeddable":true,"href":"https:\/\/innocentiemangonipiante.it\/de\/wp-json\/wp\/v2\/product_brand?post=15095"},{"taxonomy":"product_cat","embeddable":true,"href":"https:\/\/innocentiemangonipiante.it\/de\/wp-json\/wp\/v2\/product_cat?post=15095"},{"taxonomy":"product_tag","embeddable":true,"href":"https:\/\/innocentiemangonipiante.it\/de\/wp-json\/wp\/v2\/product_tag?post=15095"}],"curies":[{"name":"wp","href":"https:\/\/api.w.org\/{rel}","templated":true}]}}