{"id":15106,"date":"2023-11-04T01:13:33","date_gmt":"2023-11-04T00:13:33","guid":{"rendered":"http:\/\/innocentiemangonipiante.it\/hydrangea-anomala-ssp-petiolaris-silver-lining\/"},"modified":"2023-11-06T18:32:14","modified_gmt":"2023-11-06T17:32:14","slug":"hydrangea-anomala-ssp-petiolaris-silver-lining","status":"publish","type":"product","link":"https:\/\/innocentiemangonipiante.it\/de\/hydrangea-anomala-ssp-petiolaris-silver-lining\/","title":{"rendered":"HYDRANGEA anomala ssp. petiolaris &#8218;Silver Lining&#8216;"},"content":{"rendered":"<p>Laubiger Kletterstrauch mit Luftwurzeln, die es ihm erm\u00f6glichen, an jeder Oberfl\u00e4che zu haften. Seine Besonderheit ist das bunte gr\u00fcn-graue Laub mit unregelm\u00e4\u00dfigem wei\u00dfen Rand. Cremig-wei\u00dfer Sommerbl\u00fctenstand.<\/p>\n","protected":false},"excerpt":{"rendered":"<p>Laubiger Kletterstrauch mit Luftwurzeln, die es ihm erm\u00f6glichen, an jeder Oberfl\u00e4che zu haften. Seine Besonderheit ist das bunte gr\u00fcn-graue Laub mit unregelm\u00e4\u00dfigem wei\u00dfen Rand. Cremig-wei\u00dfer Sommerbl\u00fctenstand.<\/p>\n","protected":false},"featured_media":3005,"template":"","meta":{"_acf_changed":false},"product_brand":[],"product_cat":[8813],"product_tag":[10898],"class_list":{"0":"post-15106","1":"product","2":"type-product","3":"status-publish","4":"has-post-thumbnail","6":"product_cat-laubbaume-und-straucher","7":"product_tag-naturlichen","8":"pa_altezza-massima-300-de","9":"pa_altezza-massima-400-de","10":"pa_colore-fioritura-weis","11":"pa_famiglia-hydrangeaceae-de-2","12":"pa_genere-hydrangea-de","13":"pa_origine-holland-de","14":"pa_periodo-fioritura-juli","15":"pa_periodo-fioritura-juni","16":"pa_portamento-schlingpflanze","17":"pa_resistenza-climatica-sehr-hoch","18":"pa_salinita-bestaendigkeit-in-meeresluft","19":"pa_utilizzo-kleine-gaerten","20":"pa_utilizzo-parks-de","22":"first","23":"instock","24":"purchasable","25":"product-type-simple"},"acf":[],"_links":{"self":[{"href":"https:\/\/innocentiemangonipiante.it\/de\/wp-json\/wp\/v2\/product\/15106","targetHints":{"allow":["GET"]}}],"collection":[{"href":"https:\/\/innocentiemangonipiante.it\/de\/wp-json\/wp\/v2\/product"}],"about":[{"href":"https:\/\/innocentiemangonipiante.it\/de\/wp-json\/wp\/v2\/types\/product"}],"wp:featuredmedia":[{"embeddable":true,"href":"https:\/\/innocentiemangonipiante.it\/de\/wp-json\/wp\/v2\/media\/3005"}],"wp:attachment":[{"href":"https:\/\/innocentiemangonipiante.it\/de\/wp-json\/wp\/v2\/media?parent=15106"}],"wp:term":[{"taxonomy":"product_brand","embeddable":true,"href":"https:\/\/innocentiemangonipiante.it\/de\/wp-json\/wp\/v2\/product_brand?post=15106"},{"taxonomy":"product_cat","embeddable":true,"href":"https:\/\/innocentiemangonipiante.it\/de\/wp-json\/wp\/v2\/product_cat?post=15106"},{"taxonomy":"product_tag","embeddable":true,"href":"https:\/\/innocentiemangonipiante.it\/de\/wp-json\/wp\/v2\/product_tag?post=15106"}],"curies":[{"name":"wp","href":"https:\/\/api.w.org\/{rel}","templated":true}]}}