{"id":15110,"date":"2023-11-04T01:16:02","date_gmt":"2023-11-04T00:16:02","guid":{"rendered":"http:\/\/innocentiemangonipiante.it\/hydrangea-quercifolia-snow-flake\/"},"modified":"2023-11-06T18:33:46","modified_gmt":"2023-11-06T17:33:46","slug":"hydrangea-quercifolia-snow-flake","status":"publish","type":"product","link":"https:\/\/innocentiemangonipiante.it\/de\/hydrangea-quercifolia-snow-flake\/","title":{"rendered":"HYDRANGEA quercifolia &#8218;Snow Flake&#8216;"},"content":{"rendered":"<p>Interessante Sorte f\u00fcr Ihre mehreren Farben. Die weisse Bl\u00fcte wird dann leicht rosafarbig und sp\u00e4ter intensiv Lila und Braun. Die gr\u00fcnen Bl\u00e4tter werden dunkelrot im Herbst. Ertr\u00e4gt sehr gut Sonnenlagen und braucht gut drainierte B\u00f6den.<\/p>\n","protected":false},"excerpt":{"rendered":"<p>Interessante Sorte f\u00fcr Ihre mehreren Farben. Die weisse Bl\u00fcte wird dann leicht rosafarbig und sp\u00e4ter intensiv Lila und Braun. Die gr\u00fcnen Bl\u00e4tter werden dunkelrot im Herbst. Ertr\u00e4gt sehr gut Sonnenlagen und braucht gut drainierte B\u00f6den.<\/p>\n","protected":false},"featured_media":3101,"template":"","meta":{"_acf_changed":false},"product_brand":[],"product_cat":[8813],"product_tag":[10898],"class_list":{"0":"post-15110","1":"product","2":"type-product","3":"status-publish","4":"has-post-thumbnail","6":"product_cat-laubbaume-und-straucher","7":"product_tag-naturlichen","8":"pa_altezza-massima-150-de","9":"pa_altezza-massima-200-de","10":"pa_colore-fioritura-weis","11":"pa_condizionamento-clt-de","12":"pa_famiglia-hydrangeaceae-de-2","13":"pa_genere-hydrangea-de","14":"pa_origine-u-s-a","15":"pa_periodo-fioritura-august-de","16":"pa_periodo-fioritura-juli","17":"pa_periodo-fioritura-juni","18":"pa_portamento-arrotondato-de","19":"pa_resistenza-climatica-sehr-hoch","20":"pa_salinita-bestaendigkeit-in-meeresluft","21":"pa_utilizzo-kleine-gaerten","22":"pa_utilizzo-parks-de","24":"first","25":"instock","26":"purchasable","27":"product-type-simple"},"acf":[],"_links":{"self":[{"href":"https:\/\/innocentiemangonipiante.it\/de\/wp-json\/wp\/v2\/product\/15110","targetHints":{"allow":["GET"]}}],"collection":[{"href":"https:\/\/innocentiemangonipiante.it\/de\/wp-json\/wp\/v2\/product"}],"about":[{"href":"https:\/\/innocentiemangonipiante.it\/de\/wp-json\/wp\/v2\/types\/product"}],"wp:featuredmedia":[{"embeddable":true,"href":"https:\/\/innocentiemangonipiante.it\/de\/wp-json\/wp\/v2\/media\/3101"}],"wp:attachment":[{"href":"https:\/\/innocentiemangonipiante.it\/de\/wp-json\/wp\/v2\/media?parent=15110"}],"wp:term":[{"taxonomy":"product_brand","embeddable":true,"href":"https:\/\/innocentiemangonipiante.it\/de\/wp-json\/wp\/v2\/product_brand?post=15110"},{"taxonomy":"product_cat","embeddable":true,"href":"https:\/\/innocentiemangonipiante.it\/de\/wp-json\/wp\/v2\/product_cat?post=15110"},{"taxonomy":"product_tag","embeddable":true,"href":"https:\/\/innocentiemangonipiante.it\/de\/wp-json\/wp\/v2\/product_tag?post=15110"}],"curies":[{"name":"wp","href":"https:\/\/api.w.org\/{rel}","templated":true}]}}