{"id":15111,"date":"2023-11-04T01:13:25","date_gmt":"2023-11-04T00:13:25","guid":{"rendered":"http:\/\/innocentiemangonipiante.it\/hydrangea-anomala-ssp-petiolaris\/"},"modified":"2023-11-06T18:32:11","modified_gmt":"2023-11-06T17:32:11","slug":"hydrangea-anomala-ssp-petiolaris","status":"publish","type":"product","link":"https:\/\/innocentiemangonipiante.it\/de\/hydrangea-anomala-ssp-petiolaris\/","title":{"rendered":"HYDRANGEA anomala ssp. petiolaris"},"content":{"rendered":"<p>Sommergr\u00fcner, holziger, kr\u00e4ftiger Kletterstrauch mit Luftwurzeln. Die dunkelgr\u00fcnen Bl\u00e4tter f\u00e4rben sich im Herbst gelb. Im Sommer sprie\u00dfen kuppelf\u00f6rmige Doldentrauben mit einfachen wei\u00dfen Bl\u00fcten.<\/p>\n","protected":false},"excerpt":{"rendered":"<p>Sommergr\u00fcner, holziger, kr\u00e4ftiger Kletterstrauch mit Luftwurzeln. Die dunkelgr\u00fcnen Bl\u00e4tter f\u00e4rben sich im Herbst gelb. Im Sommer sprie\u00dfen kuppelf\u00f6rmige Doldentrauben mit einfachen wei\u00dfen Bl\u00fcten.<\/p>\n","protected":false},"featured_media":2999,"template":"","meta":{"_acf_changed":false},"product_brand":[],"product_cat":[8813],"product_tag":[10898],"class_list":{"0":"post-15111","1":"product","2":"type-product","3":"status-publish","4":"has-post-thumbnail","6":"product_cat-laubbaume-und-straucher","7":"product_tag-naturlichen","8":"pa_altezza-massima-800-de","9":"pa_altezza-massima-1000-de-2","10":"pa_colore-fioritura-weis","11":"pa_famiglia-hydrangeaceae-de-2","12":"pa_genere-hydrangea-de","13":"pa_origine-ostasien","14":"pa_periodo-fioritura-august-de","15":"pa_periodo-fioritura-juli","16":"pa_portamento-schlingpflanze","17":"pa_resistenza-climatica-sehr-hoch","18":"pa_utilizzo-kleine-gaerten","19":"pa_utilizzo-parks-de","21":"first","22":"instock","23":"purchasable","24":"product-type-simple"},"acf":[],"_links":{"self":[{"href":"https:\/\/innocentiemangonipiante.it\/de\/wp-json\/wp\/v2\/product\/15111","targetHints":{"allow":["GET"]}}],"collection":[{"href":"https:\/\/innocentiemangonipiante.it\/de\/wp-json\/wp\/v2\/product"}],"about":[{"href":"https:\/\/innocentiemangonipiante.it\/de\/wp-json\/wp\/v2\/types\/product"}],"wp:featuredmedia":[{"embeddable":true,"href":"https:\/\/innocentiemangonipiante.it\/de\/wp-json\/wp\/v2\/media\/2999"}],"wp:attachment":[{"href":"https:\/\/innocentiemangonipiante.it\/de\/wp-json\/wp\/v2\/media?parent=15111"}],"wp:term":[{"taxonomy":"product_brand","embeddable":true,"href":"https:\/\/innocentiemangonipiante.it\/de\/wp-json\/wp\/v2\/product_brand?post=15111"},{"taxonomy":"product_cat","embeddable":true,"href":"https:\/\/innocentiemangonipiante.it\/de\/wp-json\/wp\/v2\/product_cat?post=15111"},{"taxonomy":"product_tag","embeddable":true,"href":"https:\/\/innocentiemangonipiante.it\/de\/wp-json\/wp\/v2\/product_tag?post=15111"}],"curies":[{"name":"wp","href":"https:\/\/api.w.org\/{rel}","templated":true}]}}