{"id":15113,"date":"2023-11-04T01:15:16","date_gmt":"2023-11-04T00:15:16","guid":{"rendered":"http:\/\/innocentiemangonipiante.it\/hydrangea-paniculata-unique\/"},"modified":"2023-11-06T18:33:03","modified_gmt":"2023-11-06T17:33:03","slug":"hydrangea-paniculata-unique","status":"publish","type":"product","link":"https:\/\/innocentiemangonipiante.it\/de\/hydrangea-paniculata-unique\/","title":{"rendered":"HYDRANGEA paniculata &#8218;Unique&#8216;"},"content":{"rendered":"<p>Im Sommer tr\u00e4gt cremeweissenarbige grosse kegelf\u00f6rmigen bis runden Bl\u00fctenkolben, die zu Rosa im Herbst wechseln.<\/p>\n","protected":false},"excerpt":{"rendered":"<p>Im Sommer tr\u00e4gt cremeweissenarbige grosse kegelf\u00f6rmigen bis runden Bl\u00fctenkolben, die zu Rosa im Herbst wechseln.<\/p>\n","protected":false},"featured_media":3089,"template":"","meta":{"_acf_changed":false},"product_brand":[],"product_cat":[8813],"product_tag":[10898,8565],"class_list":{"0":"post-15113","1":"product","2":"type-product","3":"status-publish","4":"has-post-thumbnail","6":"product_cat-laubbaume-und-straucher","7":"product_tag-naturlichen","8":"product_tag-halbstamm","9":"pa_altezza-massima-200-de","10":"pa_altezza-massima-300-de","11":"pa_colore-fioritura-weis","12":"pa_condizionamento-clt-de","13":"pa_condizionamento-viereckigertops","14":"pa_famiglia-hydrangeaceae-de-2","15":"pa_genere-hydrangea-de","16":"pa_origine-frankreich","17":"pa_periodo-fioritura-august-de","18":"pa_periodo-fioritura-juli","19":"pa_periodo-fioritura-juni","20":"pa_periodo-fioritura-oktober","21":"pa_periodo-fioritura-september-de","22":"pa_portamento-allargato-de","23":"pa_resistenza-climatica-mittel-hoch","24":"pa_salinita-bestaendigkeit-in-meeresluft","25":"pa_utilizzo-parks-de","27":"first","28":"instock","29":"purchasable","30":"product-type-simple"},"acf":[],"_links":{"self":[{"href":"https:\/\/innocentiemangonipiante.it\/de\/wp-json\/wp\/v2\/product\/15113","targetHints":{"allow":["GET"]}}],"collection":[{"href":"https:\/\/innocentiemangonipiante.it\/de\/wp-json\/wp\/v2\/product"}],"about":[{"href":"https:\/\/innocentiemangonipiante.it\/de\/wp-json\/wp\/v2\/types\/product"}],"wp:featuredmedia":[{"embeddable":true,"href":"https:\/\/innocentiemangonipiante.it\/de\/wp-json\/wp\/v2\/media\/3089"}],"wp:attachment":[{"href":"https:\/\/innocentiemangonipiante.it\/de\/wp-json\/wp\/v2\/media?parent=15113"}],"wp:term":[{"taxonomy":"product_brand","embeddable":true,"href":"https:\/\/innocentiemangonipiante.it\/de\/wp-json\/wp\/v2\/product_brand?post=15113"},{"taxonomy":"product_cat","embeddable":true,"href":"https:\/\/innocentiemangonipiante.it\/de\/wp-json\/wp\/v2\/product_cat?post=15113"},{"taxonomy":"product_tag","embeddable":true,"href":"https:\/\/innocentiemangonipiante.it\/de\/wp-json\/wp\/v2\/product_tag?post=15113"}],"curies":[{"name":"wp","href":"https:\/\/api.w.org\/{rel}","templated":true}]}}