{"id":15118,"date":"2023-11-04T01:14:39","date_gmt":"2023-11-04T00:14:39","guid":{"rendered":"http:\/\/innocentiemangonipiante.it\/hydrangea-paniculata-great-star\/"},"modified":"2023-11-06T18:32:45","modified_gmt":"2023-11-06T17:32:45","slug":"hydrangea-paniculata-great-star","status":"publish","type":"product","link":"https:\/\/innocentiemangonipiante.it\/de\/hydrangea-paniculata-great-star\/","title":{"rendered":"HYDRANGEA paniculata &#8218;Great Star&#8216; \u00ae"},"content":{"rendered":"<p>Sehr interessante Sorte, wegen der Form seiner ungew\u00f6hnlicher, fruchtbarer, weisser Bl\u00fcte, auf welche eine zus\u00e4tzliche sternf\u00f6rmige, weisse, sterile Bl\u00fcte erscheint. Bl\u00fctezeit von July bis September.<\/p>\n","protected":false},"excerpt":{"rendered":"<p>Sehr interessante Sorte, wegen der Form seiner ungew\u00f6hnlicher, fruchtbarer, weisser Bl\u00fcte, auf welche eine zus\u00e4tzliche sternf\u00f6rmige, weisse, sterile Bl\u00fcte erscheint. Bl\u00fctezeit von July bis September.<\/p>\n","protected":false},"featured_media":3059,"template":"","meta":{"_acf_changed":false},"product_brand":[],"product_cat":[8813],"product_tag":[10898,8565],"class_list":{"0":"post-15118","1":"product","2":"type-product","3":"status-publish","4":"has-post-thumbnail","6":"product_cat-laubbaume-und-straucher","7":"product_tag-naturlichen","8":"product_tag-halbstamm","9":"pa_altezza-massima-200-de","10":"pa_altezza-massima-300-de","11":"pa_colore-fioritura-weis","12":"pa_condizionamento-clt-de","13":"pa_condizionamento-viereckigertops","14":"pa_famiglia-hydrangeaceae-de-2","15":"pa_genere-hydrangea-de","16":"pa_origine-frankreich","17":"pa_periodo-fioritura-august-de","18":"pa_periodo-fioritura-juli","19":"pa_periodo-fioritura-september-de","20":"pa_portamento-allargato-de","21":"pa_resistenza-climatica-sehr-hoch","22":"pa_salinita-bestaendigkeit-in-meeresluft","23":"pa_utilizzo-parks-de","25":"first","26":"instock","27":"purchasable","28":"product-type-simple"},"acf":[],"_links":{"self":[{"href":"https:\/\/innocentiemangonipiante.it\/de\/wp-json\/wp\/v2\/product\/15118","targetHints":{"allow":["GET"]}}],"collection":[{"href":"https:\/\/innocentiemangonipiante.it\/de\/wp-json\/wp\/v2\/product"}],"about":[{"href":"https:\/\/innocentiemangonipiante.it\/de\/wp-json\/wp\/v2\/types\/product"}],"wp:featuredmedia":[{"embeddable":true,"href":"https:\/\/innocentiemangonipiante.it\/de\/wp-json\/wp\/v2\/media\/3059"}],"wp:attachment":[{"href":"https:\/\/innocentiemangonipiante.it\/de\/wp-json\/wp\/v2\/media?parent=15118"}],"wp:term":[{"taxonomy":"product_brand","embeddable":true,"href":"https:\/\/innocentiemangonipiante.it\/de\/wp-json\/wp\/v2\/product_brand?post=15118"},{"taxonomy":"product_cat","embeddable":true,"href":"https:\/\/innocentiemangonipiante.it\/de\/wp-json\/wp\/v2\/product_cat?post=15118"},{"taxonomy":"product_tag","embeddable":true,"href":"https:\/\/innocentiemangonipiante.it\/de\/wp-json\/wp\/v2\/product_tag?post=15118"}],"curies":[{"name":"wp","href":"https:\/\/api.w.org\/{rel}","templated":true}]}}