{"id":15124,"date":"2023-11-04T01:14:10","date_gmt":"2023-11-04T00:14:10","guid":{"rendered":"http:\/\/innocentiemangonipiante.it\/hydrangea-macrophylla-tricolor\/"},"modified":"2023-11-06T18:32:31","modified_gmt":"2023-11-06T17:32:31","slug":"hydrangea-macrophylla-tricolor","status":"publish","type":"product","link":"https:\/\/innocentiemangonipiante.it\/de\/hydrangea-macrophylla-tricolor\/","title":{"rendered":"HYDRANGEA macrophylla &#8218;Tricolor&#8216;"},"content":{"rendered":"<p>Die Bl\u00e4tter sind leuchtend gr\u00fcn in der Mitte und wei\u00df and den R\u00e4ndern. Wei\u00dfe Bl\u00fcten im Sommer.<\/p>\n","protected":false},"excerpt":{"rendered":"<p>Die Bl\u00e4tter sind leuchtend gr\u00fcn in der Mitte und wei\u00df and den R\u00e4ndern. Wei\u00dfe Bl\u00fcten im Sommer.<\/p>\n","protected":false},"featured_media":3035,"template":"","meta":{"_acf_changed":false},"product_brand":[],"product_cat":[8813],"product_tag":[10898],"class_list":{"0":"post-15124","1":"product","2":"type-product","3":"status-publish","4":"has-post-thumbnail","6":"product_cat-laubbaume-und-straucher","7":"product_tag-naturlichen","8":"pa_altezza-massima-150-de","9":"pa_altezza-massima-200-de","10":"pa_colore-delle-foglie-vielfaeltigen","11":"pa_colore-fioritura-weis","12":"pa_condizionamento-clt-de","13":"pa_famiglia-hydrangeaceae-de-2","14":"pa_genere-hydrangea-de","15":"pa_origine-ostasien","16":"pa_periodo-fioritura-august-de","17":"pa_periodo-fioritura-juli","18":"pa_periodo-fioritura-juni","19":"pa_portamento-arrotondato-de","20":"pa_resistenza-climatica-mittel-hoch","21":"pa_salinita-bestaendigkeit-in-meeresluft","22":"pa_utilizzo-kleine-gaerten","23":"pa_utilizzo-parks-de","25":"first","26":"instock","27":"purchasable","28":"product-type-simple"},"acf":[],"_links":{"self":[{"href":"https:\/\/innocentiemangonipiante.it\/de\/wp-json\/wp\/v2\/product\/15124","targetHints":{"allow":["GET"]}}],"collection":[{"href":"https:\/\/innocentiemangonipiante.it\/de\/wp-json\/wp\/v2\/product"}],"about":[{"href":"https:\/\/innocentiemangonipiante.it\/de\/wp-json\/wp\/v2\/types\/product"}],"wp:featuredmedia":[{"embeddable":true,"href":"https:\/\/innocentiemangonipiante.it\/de\/wp-json\/wp\/v2\/media\/3035"}],"wp:attachment":[{"href":"https:\/\/innocentiemangonipiante.it\/de\/wp-json\/wp\/v2\/media?parent=15124"}],"wp:term":[{"taxonomy":"product_brand","embeddable":true,"href":"https:\/\/innocentiemangonipiante.it\/de\/wp-json\/wp\/v2\/product_brand?post=15124"},{"taxonomy":"product_cat","embeddable":true,"href":"https:\/\/innocentiemangonipiante.it\/de\/wp-json\/wp\/v2\/product_cat?post=15124"},{"taxonomy":"product_tag","embeddable":true,"href":"https:\/\/innocentiemangonipiante.it\/de\/wp-json\/wp\/v2\/product_tag?post=15124"}],"curies":[{"name":"wp","href":"https:\/\/api.w.org\/{rel}","templated":true}]}}