{"id":15127,"date":"2023-11-04T01:16:35","date_gmt":"2023-11-04T00:16:35","guid":{"rendered":"http:\/\/innocentiemangonipiante.it\/hypericum-patulum-hidcote\/"},"modified":"2023-11-06T18:34:02","modified_gmt":"2023-11-06T17:34:02","slug":"hypericum-patulum-hidcote","status":"publish","type":"product","link":"https:\/\/innocentiemangonipiante.it\/de\/hypericum-patulum-hidcote\/","title":{"rendered":"HYPERICUM patulum &#8218;Hidcote&#8216;"},"content":{"rendered":"<p>Immergr\u00fcner oder halbsommergr\u00fcner buschiger Strauch mit lanzettartigen dunkelgr\u00fcnen Bl\u00e4ttern. Von Mitte Sommer bis Anfang Herbst tr\u00e4gt er gro\u00dfe becherf\u00f6rmige goldgelbe Bl\u00fcten, die in Gruppen von 5-6 Bl\u00fcten angeordnet sind.<\/p>\n","protected":false},"excerpt":{"rendered":"<p>Immergr\u00fcner oder halbsommergr\u00fcner buschiger Strauch mit lanzettartigen dunkelgr\u00fcnen Bl\u00e4ttern. Von Mitte Sommer bis Anfang Herbst tr\u00e4gt er gro\u00dfe becherf\u00f6rmige goldgelbe Bl\u00fcten, die in Gruppen von 5-6 Bl\u00fcten angeordnet sind.<\/p>\n","protected":false},"featured_media":3131,"template":"","meta":{"_acf_changed":false},"product_brand":[],"product_cat":[8816],"product_tag":[10898],"class_list":{"0":"post-15127","1":"product","2":"type-product","3":"status-publish","4":"has-post-thumbnail","6":"product_cat-hartnaeckige-baeume-und-straeucher","7":"product_tag-naturlichen","8":"pa_altezza-massima-0_80-meter","9":"pa_altezza-massima-130-de","10":"pa_colore-fioritura-gelbe","11":"pa_condizionamento-clt-de","12":"pa_famiglia-guttiferae-de","13":"pa_genere-hypericum-de","14":"pa_origine-ostasien","15":"pa_periodo-fioritura-august-de","16":"pa_periodo-fioritura-juli","17":"pa_periodo-fioritura-september-de","18":"pa_portamento-cespuglioso-de","19":"pa_resistenza-climatica-sehr-hoch","20":"pa_resistenza-del-suolo-bestandig-gegen-kalkhaltige-boden","21":"pa_resistenza-del-suolo-bestandig-gegen-trockene-boden","22":"pa_salinita-bestaendigkeit-in-meeresluft","23":"pa_utilizzo-kleine-gaerten","25":"first","26":"instock","27":"purchasable","28":"product-type-simple"},"acf":[],"_links":{"self":[{"href":"https:\/\/innocentiemangonipiante.it\/de\/wp-json\/wp\/v2\/product\/15127","targetHints":{"allow":["GET"]}}],"collection":[{"href":"https:\/\/innocentiemangonipiante.it\/de\/wp-json\/wp\/v2\/product"}],"about":[{"href":"https:\/\/innocentiemangonipiante.it\/de\/wp-json\/wp\/v2\/types\/product"}],"wp:featuredmedia":[{"embeddable":true,"href":"https:\/\/innocentiemangonipiante.it\/de\/wp-json\/wp\/v2\/media\/3131"}],"wp:attachment":[{"href":"https:\/\/innocentiemangonipiante.it\/de\/wp-json\/wp\/v2\/media?parent=15127"}],"wp:term":[{"taxonomy":"product_brand","embeddable":true,"href":"https:\/\/innocentiemangonipiante.it\/de\/wp-json\/wp\/v2\/product_brand?post=15127"},{"taxonomy":"product_cat","embeddable":true,"href":"https:\/\/innocentiemangonipiante.it\/de\/wp-json\/wp\/v2\/product_cat?post=15127"},{"taxonomy":"product_tag","embeddable":true,"href":"https:\/\/innocentiemangonipiante.it\/de\/wp-json\/wp\/v2\/product_tag?post=15127"}],"curies":[{"name":"wp","href":"https:\/\/api.w.org\/{rel}","templated":true}]}}