{"id":15128,"date":"2023-11-04T01:16:48","date_gmt":"2023-11-04T00:16:48","guid":{"rendered":"http:\/\/innocentiemangonipiante.it\/hypericum-x-moserianum-tricolor\/"},"modified":"2023-11-06T18:34:08","modified_gmt":"2023-11-06T17:34:08","slug":"hypericum-x-moserianum-tricolor","status":"publish","type":"product","link":"https:\/\/innocentiemangonipiante.it\/de\/hypericum-x-moserianum-tricolor\/","title":{"rendered":"HYPERICUM x moserianum &#8218;Tricolor&#8216;"},"content":{"rendered":"<p>Die Bl\u00e4tter sind unregelm\u00e4ssig rot-, gelb- und rosagefleckt. Reiche Mengen an Bl\u00fcten, die jedoch kleiner wie die von der Hauptsorte sind.<\/p>\n","protected":false},"excerpt":{"rendered":"<p>Die Bl\u00e4tter sind unregelm\u00e4ssig rot-, gelb- und rosagefleckt. Reiche Mengen an Bl\u00fcten, die jedoch kleiner wie die von der Hauptsorte sind.<\/p>\n","protected":false},"featured_media":3143,"template":"","meta":{"_acf_changed":false},"product_brand":[],"product_cat":[8816],"product_tag":[10898],"class_list":{"0":"post-15128","1":"product","2":"type-product","3":"status-publish","4":"has-post-thumbnail","6":"product_cat-hartnaeckige-baeume-und-straeucher","7":"product_tag-naturlichen","8":"pa_altezza-massima-0_50-meter","9":"pa_altezza-massima-0_75-meter","10":"pa_colore-delle-foglie-vielfaeltigen","11":"pa_colore-fioritura-gelbe","12":"pa_condizionamento-clt-de","13":"pa_famiglia-guttiferae-de","14":"pa_genere-hypericum-de","15":"pa_origine-ostasien","16":"pa_periodo-fioritura-august-de","17":"pa_periodo-fioritura-juli","18":"pa_periodo-fioritura-juni","19":"pa_portamento-allargato-de","20":"pa_resistenza-climatica-sehr-hoch","21":"pa_resistenza-del-suolo-bestandig-gegen-kalkhaltige-boden","22":"pa_resistenza-del-suolo-bestandig-gegen-trockene-boden","23":"pa_salinita-bestaendigkeit-in-meeresluft","24":"pa_utilizzo-balkone","25":"pa_utilizzo-kleine-gaerten","27":"first","28":"instock","29":"purchasable","30":"product-type-simple"},"acf":[],"_links":{"self":[{"href":"https:\/\/innocentiemangonipiante.it\/de\/wp-json\/wp\/v2\/product\/15128","targetHints":{"allow":["GET"]}}],"collection":[{"href":"https:\/\/innocentiemangonipiante.it\/de\/wp-json\/wp\/v2\/product"}],"about":[{"href":"https:\/\/innocentiemangonipiante.it\/de\/wp-json\/wp\/v2\/types\/product"}],"wp:featuredmedia":[{"embeddable":true,"href":"https:\/\/innocentiemangonipiante.it\/de\/wp-json\/wp\/v2\/media\/3143"}],"wp:attachment":[{"href":"https:\/\/innocentiemangonipiante.it\/de\/wp-json\/wp\/v2\/media?parent=15128"}],"wp:term":[{"taxonomy":"product_brand","embeddable":true,"href":"https:\/\/innocentiemangonipiante.it\/de\/wp-json\/wp\/v2\/product_brand?post=15128"},{"taxonomy":"product_cat","embeddable":true,"href":"https:\/\/innocentiemangonipiante.it\/de\/wp-json\/wp\/v2\/product_cat?post=15128"},{"taxonomy":"product_tag","embeddable":true,"href":"https:\/\/innocentiemangonipiante.it\/de\/wp-json\/wp\/v2\/product_tag?post=15128"}],"curies":[{"name":"wp","href":"https:\/\/api.w.org\/{rel}","templated":true}]}}