{"id":15130,"date":"2023-11-04T01:16:29","date_gmt":"2023-11-04T00:16:29","guid":{"rendered":"http:\/\/innocentiemangonipiante.it\/hypericum-calycinum\/"},"modified":"2023-11-06T18:33:59","modified_gmt":"2023-11-06T17:33:59","slug":"hypericum-calycinum","status":"publish","type":"product","link":"https:\/\/innocentiemangonipiante.it\/de\/hypericum-calycinum\/","title":{"rendered":"HYPERICUM calycinum"},"content":{"rendered":"<p>Immergr\u00fcner Zwergstrauch mit von l\u00e4nglich- bis elliptischf\u00f6rmigen Bl\u00e4ttern. Von Mittesommer bis Mitteherbst produziert leichtgelbfarbene Bl\u00fcte. Sehr guter Bodendecker in Schattenlagen.<\/p>\n","protected":false},"excerpt":{"rendered":"<p>Immergr\u00fcner Zwergstrauch mit von l\u00e4nglich- bis elliptischf\u00f6rmigen Bl\u00e4ttern. Von Mittesommer bis Mitteherbst produziert leichtgelbfarbene Bl\u00fcte. Sehr guter Bodendecker in Schattenlagen.<\/p>\n","protected":false},"featured_media":3125,"template":"","meta":{"_acf_changed":false},"product_brand":[],"product_cat":[8816],"product_tag":[10898],"class_list":{"0":"post-15130","1":"product","2":"type-product","3":"status-publish","4":"has-post-thumbnail","6":"product_cat-hartnaeckige-baeume-und-straeucher","7":"product_tag-naturlichen","8":"pa_altezza-massima-0_50-meter","9":"pa_altezza-massima-0_75-meter","10":"pa_colore-fioritura-gelbe","11":"pa_condizionamento-clt-de","12":"pa_famiglia-guttiferae-de","13":"pa_genere-hypericum-de","14":"pa_inquinamento-bestaendigkeit-gegen-smog","15":"pa_origine-mitteleuropa","16":"pa_periodo-fioritura-august-de","17":"pa_periodo-fioritura-juli","18":"pa_periodo-fioritura-oktober","19":"pa_periodo-fioritura-september-de","20":"pa_portamento-strisciante-de","21":"pa_resistenza-climatica-sehr-hoch","22":"pa_utilizzo-balkone","23":"pa_utilizzo-kleine-gaerten","25":"first","26":"instock","27":"purchasable","28":"product-type-simple"},"acf":[],"_links":{"self":[{"href":"https:\/\/innocentiemangonipiante.it\/de\/wp-json\/wp\/v2\/product\/15130","targetHints":{"allow":["GET"]}}],"collection":[{"href":"https:\/\/innocentiemangonipiante.it\/de\/wp-json\/wp\/v2\/product"}],"about":[{"href":"https:\/\/innocentiemangonipiante.it\/de\/wp-json\/wp\/v2\/types\/product"}],"wp:featuredmedia":[{"embeddable":true,"href":"https:\/\/innocentiemangonipiante.it\/de\/wp-json\/wp\/v2\/media\/3125"}],"wp:attachment":[{"href":"https:\/\/innocentiemangonipiante.it\/de\/wp-json\/wp\/v2\/media?parent=15130"}],"wp:term":[{"taxonomy":"product_brand","embeddable":true,"href":"https:\/\/innocentiemangonipiante.it\/de\/wp-json\/wp\/v2\/product_brand?post=15130"},{"taxonomy":"product_cat","embeddable":true,"href":"https:\/\/innocentiemangonipiante.it\/de\/wp-json\/wp\/v2\/product_cat?post=15130"},{"taxonomy":"product_tag","embeddable":true,"href":"https:\/\/innocentiemangonipiante.it\/de\/wp-json\/wp\/v2\/product_tag?post=15130"}],"curies":[{"name":"wp","href":"https:\/\/api.w.org\/{rel}","templated":true}]}}