{"id":15132,"date":"2023-11-04T01:18:34","date_gmt":"2023-11-04T00:18:34","guid":{"rendered":"http:\/\/innocentiemangonipiante.it\/ilex-crenata-glory-gem\/"},"modified":"2023-11-06T18:35:41","modified_gmt":"2023-11-06T17:35:41","slug":"ilex-crenata-glory-gem","status":"publish","type":"product","link":"https:\/\/innocentiemangonipiante.it\/de\/ilex-crenata-glory-gem\/","title":{"rendered":"ILEX crenata &#8218;Glory Gem&#8216;"},"content":{"rendered":"<p>Immergr\u00fcn, dichter, kompakter und aufrechter Wuchs, kleine hellgr\u00fcne Bl\u00e4tter.<\/p>\n","protected":false},"excerpt":{"rendered":"<p>Immergr\u00fcn, dichter, kompakter und aufrechter Wuchs, kleine hellgr\u00fcne Bl\u00e4tter.<\/p>\n","protected":false},"featured_media":0,"template":"","meta":{"_acf_changed":false},"product_brand":[],"product_cat":[8816],"product_tag":[10898,6251,8736,8565,8536,8705,8717,8757],"class_list":{"0":"post-15132","1":"product","2":"type-product","3":"status-publish","5":"product_cat-hartnaeckige-baeume-und-straeucher","6":"product_tag-naturlichen","7":"product_tag-bonsai-de","8":"product_tag-fusstamm","9":"product_tag-halbstamm","10":"product_tag-kegel","11":"product_tag-kugel","12":"product_tag-pompons-de","13":"product_tag-spirale-de","14":"pa_altezza-massima-150-de","15":"pa_altezza-massima-200-de","16":"pa_colore-fioritura-weis","17":"pa_condizionamento-clt-de","18":"pa_condizionamento-jungplanzen","19":"pa_condizionamento-schale","20":"pa_condizionamento-viereckigertops","21":"pa_famiglia-aquifoliaceae-de","22":"pa_genere-ilex-de","23":"pa_inquinamento-bestaendigkeit-gegen-smog","24":"pa_origine-ostasien","25":"pa_periodo-fioritura-juni","26":"pa_periodo-fioritura-mai-de","27":"pa_portamento-eretto-de","28":"pa_resistenza-climatica-sehr-hoch","29":"pa_salinita-bestaendigkeit-in-meeresluft","30":"pa_utilizzo-hecken","31":"pa_utilizzo-kleine-gaerten","32":"pa_utilizzo-parks-de","34":"first","35":"instock","36":"purchasable","37":"product-type-simple"},"acf":[],"_links":{"self":[{"href":"https:\/\/innocentiemangonipiante.it\/de\/wp-json\/wp\/v2\/product\/15132","targetHints":{"allow":["GET"]}}],"collection":[{"href":"https:\/\/innocentiemangonipiante.it\/de\/wp-json\/wp\/v2\/product"}],"about":[{"href":"https:\/\/innocentiemangonipiante.it\/de\/wp-json\/wp\/v2\/types\/product"}],"wp:attachment":[{"href":"https:\/\/innocentiemangonipiante.it\/de\/wp-json\/wp\/v2\/media?parent=15132"}],"wp:term":[{"taxonomy":"product_brand","embeddable":true,"href":"https:\/\/innocentiemangonipiante.it\/de\/wp-json\/wp\/v2\/product_brand?post=15132"},{"taxonomy":"product_cat","embeddable":true,"href":"https:\/\/innocentiemangonipiante.it\/de\/wp-json\/wp\/v2\/product_cat?post=15132"},{"taxonomy":"product_tag","embeddable":true,"href":"https:\/\/innocentiemangonipiante.it\/de\/wp-json\/wp\/v2\/product_tag?post=15132"}],"curies":[{"name":"wp","href":"https:\/\/api.w.org\/{rel}","templated":true}]}}