{"id":15133,"date":"2023-11-04T01:20:04","date_gmt":"2023-11-04T00:20:04","guid":{"rendered":"http:\/\/innocentiemangonipiante.it\/ilex-x-nellie-r-stevens\/"},"modified":"2023-11-06T18:37:22","modified_gmt":"2023-11-06T17:37:22","slug":"ilex-x-nellie-r-stevens","status":"publish","type":"product","link":"https:\/\/innocentiemangonipiante.it\/de\/ilex-x-nellie-r-stevens\/","title":{"rendered":"ILEX x &#8218;Nellie R. Stevens&#8216;"},"content":{"rendered":"<p>Immergr\u00fcner weiblicher Baum mit kegelf\u00f6rmigem Wuchs und mit dunkelgr\u00fcnen, l\u00e4nglich-eif\u00f6rmigen, gl\u00e4nzenden Bl\u00e4ttern, die bis 8 cm lang werden. Bringt reichlich scharlachrote beerenf\u00f6rmige Fr\u00fcchte hervor.<\/p>\n","protected":false},"excerpt":{"rendered":"<p>Immergr\u00fcner weiblicher Baum mit kegelf\u00f6rmigem Wuchs und mit dunkelgr\u00fcnen, l\u00e4nglich-eif\u00f6rmigen, gl\u00e4nzenden Bl\u00e4ttern, die bis 8 cm lang werden. Bringt reichlich scharlachrote beerenf\u00f6rmige Fr\u00fcchte hervor.<\/p>\n","protected":false},"featured_media":3172,"template":"","meta":{"_acf_changed":false},"product_brand":[],"product_cat":[8816,9231],"product_tag":[10898,8565,8401,8409,8425,8498],"class_list":{"0":"post-15133","1":"product","2":"type-product","3":"status-publish","4":"has-post-thumbnail","6":"product_cat-hartnaeckige-baeume-und-straeucher","7":"product_cat-baume-und-pflanzen-der-zukunft","8":"product_tag-naturlichen","9":"product_tag-halbstamm","10":"product_tag-hochstamm","11":"product_tag-hochstamm-kegel","12":"product_tag-hochstamm-spalier","13":"product_tag-mehrstammig-mit-schirmformiger-krone","14":"pa_altezza-massima-500-de","15":"pa_altezza-massima-800-de","16":"pa_colore-fioritura-weis","17":"pa_condizionamento-clt-de","18":"pa_condizionamento-jungplanzen","19":"pa_condizionamento-m-de","20":"pa_condizionamento-schale","21":"pa_famiglia-aquifoliaceae-de","22":"pa_genere-ilex-de","23":"pa_origine-u-s-a","24":"pa_periodo-fioritura-juni","25":"pa_periodo-fioritura-mai-de","26":"pa_periodo-fruttificazione-november-de","27":"pa_portamento-conico-de","28":"pa_resistenza-climatica-sehr-hoch","29":"pa_salinita-bestaendigkeit-in-meeresluft","30":"pa_utilizzo-kleine-gaerten","31":"pa_utilizzo-parks-de","33":"first","34":"instock","35":"purchasable","36":"product-type-simple"},"acf":[],"_links":{"self":[{"href":"https:\/\/innocentiemangonipiante.it\/de\/wp-json\/wp\/v2\/product\/15133","targetHints":{"allow":["GET"]}}],"collection":[{"href":"https:\/\/innocentiemangonipiante.it\/de\/wp-json\/wp\/v2\/product"}],"about":[{"href":"https:\/\/innocentiemangonipiante.it\/de\/wp-json\/wp\/v2\/types\/product"}],"wp:featuredmedia":[{"embeddable":true,"href":"https:\/\/innocentiemangonipiante.it\/de\/wp-json\/wp\/v2\/media\/3172"}],"wp:attachment":[{"href":"https:\/\/innocentiemangonipiante.it\/de\/wp-json\/wp\/v2\/media?parent=15133"}],"wp:term":[{"taxonomy":"product_brand","embeddable":true,"href":"https:\/\/innocentiemangonipiante.it\/de\/wp-json\/wp\/v2\/product_brand?post=15133"},{"taxonomy":"product_cat","embeddable":true,"href":"https:\/\/innocentiemangonipiante.it\/de\/wp-json\/wp\/v2\/product_cat?post=15133"},{"taxonomy":"product_tag","embeddable":true,"href":"https:\/\/innocentiemangonipiante.it\/de\/wp-json\/wp\/v2\/product_tag?post=15133"}],"curies":[{"name":"wp","href":"https:\/\/api.w.org\/{rel}","templated":true}]}}