{"id":15134,"date":"2023-11-04T01:19:00","date_gmt":"2023-11-04T00:19:00","guid":{"rendered":"http:\/\/innocentiemangonipiante.it\/ilex-crenata-kinme\/"},"modified":"2023-11-06T18:36:11","modified_gmt":"2023-11-06T17:36:11","slug":"ilex-crenata-kinme","status":"publish","type":"product","link":"https:\/\/innocentiemangonipiante.it\/de\/ilex-crenata-kinme\/","title":{"rendered":"ILEX crenata &#8218;Kinme&#8216;"},"content":{"rendered":"<p>Sehr geeignete Sorte f\u00fcr Gartenbonsais. Lederne, dunkelgr\u00fcne, eif\u00f6rmige bis 1-1,5 cm lange Bl\u00e4tter.<\/p>\n","protected":false},"excerpt":{"rendered":"<p>Sehr geeignete Sorte f\u00fcr Gartenbonsais. Lederne, dunkelgr\u00fcne, eif\u00f6rmige bis 1-1,5 cm lange Bl\u00e4tter.<\/p>\n","protected":false},"featured_media":3165,"template":"","meta":{"_acf_changed":false},"product_brand":[],"product_cat":[8816],"product_tag":[10898,6251,8736,8565,8536,8705,8559,8717,8757],"class_list":{"0":"post-15134","1":"product","2":"type-product","3":"status-publish","4":"has-post-thumbnail","6":"product_cat-hartnaeckige-baeume-und-straeucher","7":"product_tag-naturlichen","8":"product_tag-bonsai-de","9":"product_tag-fusstamm","10":"product_tag-halbstamm","11":"product_tag-kegel","12":"product_tag-kugel","13":"product_tag-macro-bonsai-de","14":"product_tag-pompons-de","15":"product_tag-spirale-de","16":"pa_altezza-massima-200-de","17":"pa_altezza-massima-300-de","18":"pa_colore-fioritura-weis","19":"pa_condizionamento-clt-de","20":"pa_condizionamento-rostfarbenen-spezialtopf","21":"pa_condizionamento-deco-holztopf","22":"pa_condizionamento-jungplanzen","23":"pa_condizionamento-schale","24":"pa_condizionamento-viereckigertops","25":"pa_famiglia-aquifoliaceae-de","26":"pa_genere-ilex-de","27":"pa_inquinamento-bestaendigkeit-gegen-smog","28":"pa_origine-ostasien","29":"pa_periodo-fioritura-juni","30":"pa_periodo-fioritura-mai-de","31":"pa_periodo-fruttificazione-november-de","32":"pa_portamento-arrotondato-de","33":"pa_resistenza-climatica-sehr-hoch","34":"pa_salinita-bestaendigkeit-in-meeresluft","35":"pa_utilizzo-hecken","37":"first","38":"instock","39":"purchasable","40":"product-type-simple"},"acf":[],"_links":{"self":[{"href":"https:\/\/innocentiemangonipiante.it\/de\/wp-json\/wp\/v2\/product\/15134","targetHints":{"allow":["GET"]}}],"collection":[{"href":"https:\/\/innocentiemangonipiante.it\/de\/wp-json\/wp\/v2\/product"}],"about":[{"href":"https:\/\/innocentiemangonipiante.it\/de\/wp-json\/wp\/v2\/types\/product"}],"wp:featuredmedia":[{"embeddable":true,"href":"https:\/\/innocentiemangonipiante.it\/de\/wp-json\/wp\/v2\/media\/3165"}],"wp:attachment":[{"href":"https:\/\/innocentiemangonipiante.it\/de\/wp-json\/wp\/v2\/media?parent=15134"}],"wp:term":[{"taxonomy":"product_brand","embeddable":true,"href":"https:\/\/innocentiemangonipiante.it\/de\/wp-json\/wp\/v2\/product_brand?post=15134"},{"taxonomy":"product_cat","embeddable":true,"href":"https:\/\/innocentiemangonipiante.it\/de\/wp-json\/wp\/v2\/product_cat?post=15134"},{"taxonomy":"product_tag","embeddable":true,"href":"https:\/\/innocentiemangonipiante.it\/de\/wp-json\/wp\/v2\/product_tag?post=15134"}],"curies":[{"name":"wp","href":"https:\/\/api.w.org\/{rel}","templated":true}]}}