{"id":15135,"date":"2023-11-04T01:18:48","date_gmt":"2023-11-04T00:18:48","guid":{"rendered":"http:\/\/innocentiemangonipiante.it\/ilex-crenata-green-hedge\/"},"modified":"2023-11-06T18:35:58","modified_gmt":"2023-11-06T17:35:58","slug":"ilex-crenata-green-hedge","status":"publish","type":"product","link":"https:\/\/innocentiemangonipiante.it\/de\/ilex-crenata-green-hedge\/","title":{"rendered":"ILEX crenata &#8218;Green Hedge&#8216;"},"content":{"rendered":"<p>Sehr rustikale Auswahl. Abmessungen der Blatt \u00e4hnlich denen eines Buchs. Mittelgr\u00fcnes Laub weit verbreitet f\u00fcr die Herstellung von Formschnitt.<\/p>\n","protected":false},"excerpt":{"rendered":"<p>Sehr rustikale Auswahl. Abmessungen der Blatt \u00e4hnlich denen eines Buchs. Mittelgr\u00fcnes Laub weit verbreitet f\u00fcr die Herstellung von Formschnitt.<\/p>\n","protected":false},"featured_media":45695,"template":"","meta":{"_acf_changed":false},"product_brand":[],"product_cat":[8816],"product_tag":[10898,6251,8736,8565,8536,8705,8717,8757],"class_list":{"0":"post-15135","1":"product","2":"type-product","3":"status-publish","4":"has-post-thumbnail","6":"product_cat-hartnaeckige-baeume-und-straeucher","7":"product_tag-naturlichen","8":"product_tag-bonsai-de","9":"product_tag-fusstamm","10":"product_tag-halbstamm","11":"product_tag-kegel","12":"product_tag-kugel","13":"product_tag-pompons-de","14":"product_tag-spirale-de","15":"pa_altezza-massima-200-de","16":"pa_altezza-massima-300-de","17":"pa_colore-fioritura-weis","18":"pa_condizionamento-clt-de","19":"pa_condizionamento-jungplanzen","20":"pa_condizionamento-schale","21":"pa_condizionamento-viereckigertops","22":"pa_famiglia-aquifoliaceae-de","23":"pa_genere-ilex-de","24":"pa_inquinamento-bestaendigkeit-gegen-smog","25":"pa_origine-ostasien","26":"pa_periodo-fioritura-juni","27":"pa_periodo-fioritura-mai-de","28":"pa_periodo-fruttificazione-november-de","29":"pa_portamento-arrotondato-de","30":"pa_resistenza-climatica-sehr-hoch","31":"pa_salinita-bestaendigkeit-in-meeresluft","32":"pa_utilizzo-hecken","34":"first","35":"instock","36":"purchasable","37":"product-type-simple"},"acf":[],"_links":{"self":[{"href":"https:\/\/innocentiemangonipiante.it\/de\/wp-json\/wp\/v2\/product\/15135","targetHints":{"allow":["GET"]}}],"collection":[{"href":"https:\/\/innocentiemangonipiante.it\/de\/wp-json\/wp\/v2\/product"}],"about":[{"href":"https:\/\/innocentiemangonipiante.it\/de\/wp-json\/wp\/v2\/types\/product"}],"wp:featuredmedia":[{"embeddable":true,"href":"https:\/\/innocentiemangonipiante.it\/de\/wp-json\/wp\/v2\/media\/45695"}],"wp:attachment":[{"href":"https:\/\/innocentiemangonipiante.it\/de\/wp-json\/wp\/v2\/media?parent=15135"}],"wp:term":[{"taxonomy":"product_brand","embeddable":true,"href":"https:\/\/innocentiemangonipiante.it\/de\/wp-json\/wp\/v2\/product_brand?post=15135"},{"taxonomy":"product_cat","embeddable":true,"href":"https:\/\/innocentiemangonipiante.it\/de\/wp-json\/wp\/v2\/product_cat?post=15135"},{"taxonomy":"product_tag","embeddable":true,"href":"https:\/\/innocentiemangonipiante.it\/de\/wp-json\/wp\/v2\/product_tag?post=15135"}],"curies":[{"name":"wp","href":"https:\/\/api.w.org\/{rel}","templated":true}]}}