{"id":15138,"date":"2023-11-04T01:17:12","date_gmt":"2023-11-04T00:17:12","guid":{"rendered":"http:\/\/innocentiemangonipiante.it\/ilex-aquifolium-argenteomarginata\/"},"modified":"2023-11-06T18:34:22","modified_gmt":"2023-11-06T17:34:22","slug":"ilex-aquifolium-argenteomarginata","status":"publish","type":"product","link":"https:\/\/innocentiemangonipiante.it\/de\/ilex-aquifolium-argenteomarginata\/","title":{"rendered":"ILEX aquifolium &#8218;Argenteomarginata&#8216;"},"content":{"rendered":"<p>Immergr\u00fcner Strauch mit dichtem und kompaktem Wuchs. Das gr\u00fcne, cremefarben gestreifte Astwerk tr\u00e4gt sehr eif\u00f6rmige, steife, dornige gr\u00fcne Bl\u00e4tter mit breiten wei\u00df-cremefarbenen R\u00e4ndern. Die jungen Bl\u00e4tter haben eine rosa-purpurfarbene F\u00e4rbung. Die weiblichen Str\u00e4ucher tragen lebhaft rote Beeren.<\/p>\n","protected":false},"excerpt":{"rendered":"<p>Immergr\u00fcner Strauch mit dichtem und kompaktem Wuchs. Das gr\u00fcne, cremefarben gestreifte Astwerk tr\u00e4gt sehr eif\u00f6rmige, steife, dornige gr\u00fcne Bl\u00e4tter mit breiten wei\u00df-cremefarbenen R\u00e4ndern. Die jungen Bl\u00e4tter haben eine rosa-purpurfarbene F\u00e4rbung. Die weiblichen Str\u00e4ucher tragen lebhaft rote Beeren.<\/p>\n","protected":false},"featured_media":22557,"template":"","meta":{"_acf_changed":false},"product_brand":[],"product_cat":[8816],"product_tag":[10898,8736,8565,8401,8409,8421,8536,8705],"class_list":{"0":"post-15138","1":"product","2":"type-product","3":"status-publish","4":"has-post-thumbnail","6":"product_cat-hartnaeckige-baeume-und-straeucher","7":"product_tag-naturlichen","8":"product_tag-fusstamm","9":"product_tag-halbstamm","10":"product_tag-hochstamm","11":"product_tag-hochstamm-kegel","12":"product_tag-hochstamm-kugel","13":"product_tag-kegel","14":"product_tag-kugel","15":"pa_altezza-massima-1000-de-2","16":"pa_altezza-massima-15-meter","17":"pa_colore-delle-foglie-vielfaeltigen","18":"pa_colore-fioritura-weis","19":"pa_condizionamento-clt-de","20":"pa_condizionamento-jungplanzen","21":"pa_famiglia-aquifoliaceae-de","22":"pa_genere-ilex-de","23":"pa_origine-ostasien","24":"pa_periodo-fioritura-oktober","25":"pa_periodo-fioritura-september-de","26":"pa_periodo-fruttificazione-dezember","27":"pa_periodo-fruttificazione-november-de","28":"pa_portamento-saulenformig","29":"pa_resistenza-climatica-sehr-hoch","30":"pa_salinita-bestaendigkeit-in-meeresluft","31":"pa_utilizzo-hecken","32":"pa_utilizzo-kleine-gaerten","33":"pa_utilizzo-parks-de","35":"first","36":"instock","37":"purchasable","38":"product-type-simple"},"acf":[],"_links":{"self":[{"href":"https:\/\/innocentiemangonipiante.it\/de\/wp-json\/wp\/v2\/product\/15138","targetHints":{"allow":["GET"]}}],"collection":[{"href":"https:\/\/innocentiemangonipiante.it\/de\/wp-json\/wp\/v2\/product"}],"about":[{"href":"https:\/\/innocentiemangonipiante.it\/de\/wp-json\/wp\/v2\/types\/product"}],"wp:featuredmedia":[{"embeddable":true,"href":"https:\/\/innocentiemangonipiante.it\/de\/wp-json\/wp\/v2\/media\/22557"}],"wp:attachment":[{"href":"https:\/\/innocentiemangonipiante.it\/de\/wp-json\/wp\/v2\/media?parent=15138"}],"wp:term":[{"taxonomy":"product_brand","embeddable":true,"href":"https:\/\/innocentiemangonipiante.it\/de\/wp-json\/wp\/v2\/product_brand?post=15138"},{"taxonomy":"product_cat","embeddable":true,"href":"https:\/\/innocentiemangonipiante.it\/de\/wp-json\/wp\/v2\/product_cat?post=15138"},{"taxonomy":"product_tag","embeddable":true,"href":"https:\/\/innocentiemangonipiante.it\/de\/wp-json\/wp\/v2\/product_tag?post=15138"}],"curies":[{"name":"wp","href":"https:\/\/api.w.org\/{rel}","templated":true}]}}