{"id":15141,"date":"2023-11-04T01:21:48","date_gmt":"2023-11-04T00:21:48","guid":{"rendered":"http:\/\/innocentiemangonipiante.it\/jasminum-stephanense\/"},"modified":"2023-11-06T18:48:48","modified_gmt":"2023-11-06T17:48:48","slug":"jasminum-stephanense","status":"publish","type":"product","link":"https:\/\/innocentiemangonipiante.it\/de\/jasminum-stephanense\/","title":{"rendered":"JASMINUM stephanense"},"content":{"rendered":"<p>Sommergr\u00fcne, starke Kletterpflanze. Vom Anfang bis Mittesommer tr\u00e4gt rosafarbige Bl\u00fcten.<\/p>\n","protected":false},"excerpt":{"rendered":"<p>Sommergr\u00fcne, starke Kletterpflanze. Vom Anfang bis Mittesommer tr\u00e4gt rosafarbige Bl\u00fcten.<\/p>\n","protected":false},"featured_media":3215,"template":"","meta":{"_acf_changed":false},"product_brand":[],"product_cat":[8837],"product_tag":[10898],"class_list":{"0":"post-15141","1":"product","2":"type-product","3":"status-publish","4":"has-post-thumbnail","6":"product_cat-schlingpflanzen","7":"product_tag-naturlichen","8":"pa_altezza-massima-300-de","9":"pa_altezza-massima-500-de","10":"pa_colore-fioritura-rose-de","11":"pa_condizionamento-clt-de","12":"pa_famiglia-oleaceae-de","13":"pa_genere-jasminum-de","14":"pa_origine-ostasien","15":"pa_periodo-fioritura-juli","16":"pa_periodo-fioritura-juni","17":"pa_portamento-schlingpflanze","18":"pa_resistenza-climatica-mittel","19":"pa_utilizzo-kleine-gaerten","20":"pa_utilizzo-parks-de","22":"first","23":"instock","24":"purchasable","25":"product-type-simple"},"acf":[],"_links":{"self":[{"href":"https:\/\/innocentiemangonipiante.it\/de\/wp-json\/wp\/v2\/product\/15141","targetHints":{"allow":["GET"]}}],"collection":[{"href":"https:\/\/innocentiemangonipiante.it\/de\/wp-json\/wp\/v2\/product"}],"about":[{"href":"https:\/\/innocentiemangonipiante.it\/de\/wp-json\/wp\/v2\/types\/product"}],"wp:featuredmedia":[{"embeddable":true,"href":"https:\/\/innocentiemangonipiante.it\/de\/wp-json\/wp\/v2\/media\/3215"}],"wp:attachment":[{"href":"https:\/\/innocentiemangonipiante.it\/de\/wp-json\/wp\/v2\/media?parent=15141"}],"wp:term":[{"taxonomy":"product_brand","embeddable":true,"href":"https:\/\/innocentiemangonipiante.it\/de\/wp-json\/wp\/v2\/product_brand?post=15141"},{"taxonomy":"product_cat","embeddable":true,"href":"https:\/\/innocentiemangonipiante.it\/de\/wp-json\/wp\/v2\/product_cat?post=15141"},{"taxonomy":"product_tag","embeddable":true,"href":"https:\/\/innocentiemangonipiante.it\/de\/wp-json\/wp\/v2\/product_tag?post=15141"}],"curies":[{"name":"wp","href":"https:\/\/api.w.org\/{rel}","templated":true}]}}