{"id":15143,"date":"2023-11-04T01:21:35","date_gmt":"2023-11-04T00:21:35","guid":{"rendered":"http:\/\/innocentiemangonipiante.it\/jasminum-polyanthum\/"},"modified":"2023-11-06T18:48:42","modified_gmt":"2023-11-06T17:48:42","slug":"jasminum-polyanthum","status":"publish","type":"product","link":"https:\/\/innocentiemangonipiante.it\/de\/jasminum-polyanthum\/","title":{"rendered":"JASMINUM polyanthum"},"content":{"rendered":"<p>Immergr\u00fcne Kletterpflanze mit dunkelgr\u00fcnen Bl\u00e4ttern. Vom Fr\u00fchling bis Herbst tr\u00e4gt weisse, flache, sehr duftende Bl\u00fcten.<\/p>\n","protected":false},"excerpt":{"rendered":"<p>Immergr\u00fcne Kletterpflanze mit dunkelgr\u00fcnen Bl\u00e4ttern. Vom Fr\u00fchling bis Herbst tr\u00e4gt weisse, flache, sehr duftende Bl\u00fcten.<\/p>\n","protected":false},"featured_media":3203,"template":"","meta":{"_acf_changed":false},"product_brand":[],"product_cat":[8837],"product_tag":[10898],"class_list":{"0":"post-15143","1":"product","2":"type-product","3":"status-publish","4":"has-post-thumbnail","6":"product_cat-schlingpflanzen","7":"product_tag-naturlichen","8":"pa_altezza-massima-200-de","9":"pa_altezza-massima-300-de","10":"pa_colore-fioritura-weis","11":"pa_condizionamento-clt-de","12":"pa_condizionamento-jungplanzen","13":"pa_famiglia-oleaceae-de","14":"pa_genere-jasminum-de","15":"pa_origine-ostasien","16":"pa_periodo-fioritura-august-de","17":"pa_periodo-fioritura-juli","18":"pa_periodo-fioritura-juni","19":"pa_periodo-fioritura-mai-de","20":"pa_portamento-schlingpflanze","21":"pa_resistenza-climatica-pflanzen-mit-geringem-klimawiderstand","22":"pa_utilizzo-balkone","23":"pa_utilizzo-kleine-gaerten","25":"first","26":"instock","27":"purchasable","28":"product-type-simple"},"acf":[],"_links":{"self":[{"href":"https:\/\/innocentiemangonipiante.it\/de\/wp-json\/wp\/v2\/product\/15143","targetHints":{"allow":["GET"]}}],"collection":[{"href":"https:\/\/innocentiemangonipiante.it\/de\/wp-json\/wp\/v2\/product"}],"about":[{"href":"https:\/\/innocentiemangonipiante.it\/de\/wp-json\/wp\/v2\/types\/product"}],"wp:featuredmedia":[{"embeddable":true,"href":"https:\/\/innocentiemangonipiante.it\/de\/wp-json\/wp\/v2\/media\/3203"}],"wp:attachment":[{"href":"https:\/\/innocentiemangonipiante.it\/de\/wp-json\/wp\/v2\/media?parent=15143"}],"wp:term":[{"taxonomy":"product_brand","embeddable":true,"href":"https:\/\/innocentiemangonipiante.it\/de\/wp-json\/wp\/v2\/product_brand?post=15143"},{"taxonomy":"product_cat","embeddable":true,"href":"https:\/\/innocentiemangonipiante.it\/de\/wp-json\/wp\/v2\/product_cat?post=15143"},{"taxonomy":"product_tag","embeddable":true,"href":"https:\/\/innocentiemangonipiante.it\/de\/wp-json\/wp\/v2\/product_tag?post=15143"}],"curies":[{"name":"wp","href":"https:\/\/api.w.org\/{rel}","templated":true}]}}