{"id":15144,"date":"2023-11-04T01:21:29","date_gmt":"2023-11-04T00:21:29","guid":{"rendered":"http:\/\/innocentiemangonipiante.it\/jasminum-officinalis\/"},"modified":"2023-11-06T18:48:40","modified_gmt":"2023-11-06T17:48:40","slug":"jasminum-officinalis","status":"publish","type":"product","link":"https:\/\/innocentiemangonipiante.it\/de\/jasminum-officinalis\/","title":{"rendered":"JASMINUM officinalis"},"content":{"rendered":"<p>Kr\u00e4ftige, holzige, immergr\u00fcne Kletterpflanze mit paarig angeordneten, gr\u00fcnen Fiederbl\u00e4ttern, die aus 5-10 elliptischen 6 cm kleineren Bl\u00e4ttern bestehen. Von Anfang Sommer bis Herbst tr\u00e4gt er stark duftenden wei\u00dfe Bl\u00fcten in Trugdolden mit 5-6 Bl\u00fcten.<\/p>\n","protected":false},"excerpt":{"rendered":"<p>Kr\u00e4ftige, holzige, immergr\u00fcne Kletterpflanze mit paarig angeordneten, gr\u00fcnen Fiederbl\u00e4ttern, die aus 5-10 elliptischen 6 cm kleineren Bl\u00e4ttern bestehen. Von Anfang Sommer bis Herbst tr\u00e4gt er stark duftenden wei\u00dfe Bl\u00fcten in Trugdolden mit 5-6 Bl\u00fcten.<\/p>\n","protected":false},"featured_media":3197,"template":"","meta":{"_acf_changed":false},"product_brand":[],"product_cat":[8837],"product_tag":[10898],"class_list":{"0":"post-15144","1":"product","2":"type-product","3":"status-publish","4":"has-post-thumbnail","6":"product_cat-schlingpflanzen","7":"product_tag-naturlichen","8":"pa_altezza-massima-800-de","9":"pa_altezza-massima-12-meter","10":"pa_colore-fioritura-weis","11":"pa_condizionamento-clt-de","12":"pa_condizionamento-jungplanzen","13":"pa_famiglia-oleaceae-de","14":"pa_genere-jasminum-de","15":"pa_origine-asien","16":"pa_periodo-fioritura-august-de","17":"pa_periodo-fioritura-juli","18":"pa_periodo-fioritura-juni","19":"pa_periodo-fioritura-september-de","20":"pa_portamento-schlingpflanze","21":"pa_resistenza-climatica-mittel-hoch","22":"pa_salinita-bestaendigkeit-in-meeresluft","23":"pa_utilizzo-parks-de","25":"first","26":"instock","27":"purchasable","28":"product-type-simple"},"acf":[],"_links":{"self":[{"href":"https:\/\/innocentiemangonipiante.it\/de\/wp-json\/wp\/v2\/product\/15144","targetHints":{"allow":["GET"]}}],"collection":[{"href":"https:\/\/innocentiemangonipiante.it\/de\/wp-json\/wp\/v2\/product"}],"about":[{"href":"https:\/\/innocentiemangonipiante.it\/de\/wp-json\/wp\/v2\/types\/product"}],"wp:featuredmedia":[{"embeddable":true,"href":"https:\/\/innocentiemangonipiante.it\/de\/wp-json\/wp\/v2\/media\/3197"}],"wp:attachment":[{"href":"https:\/\/innocentiemangonipiante.it\/de\/wp-json\/wp\/v2\/media?parent=15144"}],"wp:term":[{"taxonomy":"product_brand","embeddable":true,"href":"https:\/\/innocentiemangonipiante.it\/de\/wp-json\/wp\/v2\/product_brand?post=15144"},{"taxonomy":"product_cat","embeddable":true,"href":"https:\/\/innocentiemangonipiante.it\/de\/wp-json\/wp\/v2\/product_cat?post=15144"},{"taxonomy":"product_tag","embeddable":true,"href":"https:\/\/innocentiemangonipiante.it\/de\/wp-json\/wp\/v2\/product_tag?post=15144"}],"curies":[{"name":"wp","href":"https:\/\/api.w.org\/{rel}","templated":true}]}}