{"id":15145,"date":"2023-11-04T01:21:23","date_gmt":"2023-11-04T00:21:23","guid":{"rendered":"http:\/\/innocentiemangonipiante.it\/jasminum-nudiflorum\/"},"modified":"2023-11-06T18:38:28","modified_gmt":"2023-11-06T17:38:28","slug":"jasminum-nudiflorum","status":"publish","type":"product","link":"https:\/\/innocentiemangonipiante.it\/de\/jasminum-nudiflorum\/","title":{"rendered":"JASMINUM nudiflorum"},"content":{"rendered":"<p>Sommergr\u00fcner Strauch mit gr\u00fcnen, gebogenen Zweigen, die paarig angeordnete dunkelgr\u00fcne Fiederbl\u00e4tter tragen, die sich in 3 kleinere ovale l\u00e4ngliche bis 3 cm lange Bl\u00e4tter aufteilen. Im Winter sprie\u00dfen vor dem Blattwachstum einzelne leuchtend gelbe Bl\u00fcten.<\/p>\n","protected":false},"excerpt":{"rendered":"<p>Sommergr\u00fcner Strauch mit gr\u00fcnen, gebogenen Zweigen, die paarig angeordnete dunkelgr\u00fcne Fiederbl\u00e4tter tragen, die sich in 3 kleinere ovale l\u00e4ngliche bis 3 cm lange Bl\u00e4tter aufteilen. Im Winter sprie\u00dfen vor dem Blattwachstum einzelne leuchtend gelbe Bl\u00fcten.<\/p>\n","protected":false},"featured_media":3186,"template":"","meta":{"_acf_changed":false},"product_brand":[],"product_cat":[8837],"product_tag":[10898],"class_list":{"0":"post-15145","1":"product","2":"type-product","3":"status-publish","4":"has-post-thumbnail","6":"product_cat-schlingpflanzen","7":"product_tag-naturlichen","8":"pa_altezza-massima-200-de","9":"pa_altezza-massima-300-de","10":"pa_colore-fioritura-gelbe","11":"pa_condizionamento-clt-de","12":"pa_condizionamento-jungplanzen","13":"pa_famiglia-oleaceae-de","14":"pa_genere-jasminum-de","15":"pa_origine-ostasien","16":"pa_periodo-fioritura-dezember","17":"pa_periodo-fioritura-januar","18":"pa_periodo-fioritura-november-de","19":"pa_portamento-schlingpflanze","20":"pa_resistenza-climatica-sehr-hoch","21":"pa_resistenza-del-suolo-bestandig-gegen-kalkhaltige-boden","22":"pa_salinita-bestaendigkeit-in-meeresluft","23":"pa_utilizzo-balkone","24":"pa_utilizzo-kleine-gaerten","26":"first","27":"instock","28":"purchasable","29":"product-type-simple"},"acf":[],"_links":{"self":[{"href":"https:\/\/innocentiemangonipiante.it\/de\/wp-json\/wp\/v2\/product\/15145","targetHints":{"allow":["GET"]}}],"collection":[{"href":"https:\/\/innocentiemangonipiante.it\/de\/wp-json\/wp\/v2\/product"}],"about":[{"href":"https:\/\/innocentiemangonipiante.it\/de\/wp-json\/wp\/v2\/types\/product"}],"wp:featuredmedia":[{"embeddable":true,"href":"https:\/\/innocentiemangonipiante.it\/de\/wp-json\/wp\/v2\/media\/3186"}],"wp:attachment":[{"href":"https:\/\/innocentiemangonipiante.it\/de\/wp-json\/wp\/v2\/media?parent=15145"}],"wp:term":[{"taxonomy":"product_brand","embeddable":true,"href":"https:\/\/innocentiemangonipiante.it\/de\/wp-json\/wp\/v2\/product_brand?post=15145"},{"taxonomy":"product_cat","embeddable":true,"href":"https:\/\/innocentiemangonipiante.it\/de\/wp-json\/wp\/v2\/product_cat?post=15145"},{"taxonomy":"product_tag","embeddable":true,"href":"https:\/\/innocentiemangonipiante.it\/de\/wp-json\/wp\/v2\/product_tag?post=15145"}],"curies":[{"name":"wp","href":"https:\/\/api.w.org\/{rel}","templated":true}]}}