{"id":15146,"date":"2023-11-04T01:21:16","date_gmt":"2023-11-04T00:21:16","guid":{"rendered":"http:\/\/innocentiemangonipiante.it\/jasminum-azoricum\/"},"modified":"2023-11-06T18:38:24","modified_gmt":"2023-11-06T17:38:24","slug":"jasminum-azoricum","status":"publish","type":"product","link":"https:\/\/innocentiemangonipiante.it\/de\/jasminum-azoricum\/","title":{"rendered":"JASMINUM azoricum"},"content":{"rendered":"<p>Immergr\u00fcner Kletterpflanze mit satt gr\u00fcnen Fiederbl\u00e4ttern, die sich in 3 kleinere 8 cm lange Bl\u00e4tter mit gewelltem Rand aufteilen.Vom Fr\u00fchjahr bis Ende Sommer zieren die apikalischen Spitzen 3-4 sternf\u00f6rmige, stark duftende Bl\u00fcten, die 2-2,5 cm breit sind.<\/p>\n","protected":false},"excerpt":{"rendered":"<p>Immergr\u00fcner Kletterpflanze mit satt gr\u00fcnen Fiederbl\u00e4ttern, die sich in 3 kleinere 8 cm lange Bl\u00e4tter mit gewelltem Rand aufteilen.Vom Fr\u00fchjahr bis Ende Sommer zieren die apikalischen Spitzen 3-4 sternf\u00f6rmige, stark duftende Bl\u00fcten, die 2-2,5 cm breit sind.<\/p>\n","protected":false},"featured_media":3180,"template":"","meta":{"_acf_changed":false},"product_brand":[],"product_cat":[8837],"product_tag":[10898],"class_list":{"0":"post-15146","1":"product","2":"type-product","3":"status-publish","4":"has-post-thumbnail","6":"product_cat-schlingpflanzen","7":"product_tag-naturlichen","8":"pa_altezza-massima-300-de","9":"pa_altezza-massima-500-de","10":"pa_colore-fioritura-weis","11":"pa_condizionamento-clt-de","12":"pa_famiglia-oleaceae-de","13":"pa_genere-jasminum-de","14":"pa_origine-ostasien","15":"pa_periodo-fioritura-april-de","16":"pa_periodo-fioritura-august-de","17":"pa_periodo-fioritura-juli","18":"pa_periodo-fioritura-juni","19":"pa_periodo-fioritura-mai-de","20":"pa_portamento-schlingpflanze","21":"pa_resistenza-climatica-pflanzen-mit-geringem-klimawiderstand","22":"pa_utilizzo-kleine-gaerten","23":"pa_utilizzo-parks-de","25":"first","26":"instock","27":"purchasable","28":"product-type-simple"},"acf":[],"_links":{"self":[{"href":"https:\/\/innocentiemangonipiante.it\/de\/wp-json\/wp\/v2\/product\/15146","targetHints":{"allow":["GET"]}}],"collection":[{"href":"https:\/\/innocentiemangonipiante.it\/de\/wp-json\/wp\/v2\/product"}],"about":[{"href":"https:\/\/innocentiemangonipiante.it\/de\/wp-json\/wp\/v2\/types\/product"}],"wp:featuredmedia":[{"embeddable":true,"href":"https:\/\/innocentiemangonipiante.it\/de\/wp-json\/wp\/v2\/media\/3180"}],"wp:attachment":[{"href":"https:\/\/innocentiemangonipiante.it\/de\/wp-json\/wp\/v2\/media?parent=15146"}],"wp:term":[{"taxonomy":"product_brand","embeddable":true,"href":"https:\/\/innocentiemangonipiante.it\/de\/wp-json\/wp\/v2\/product_brand?post=15146"},{"taxonomy":"product_cat","embeddable":true,"href":"https:\/\/innocentiemangonipiante.it\/de\/wp-json\/wp\/v2\/product_cat?post=15146"},{"taxonomy":"product_tag","embeddable":true,"href":"https:\/\/innocentiemangonipiante.it\/de\/wp-json\/wp\/v2\/product_tag?post=15146"}],"curies":[{"name":"wp","href":"https:\/\/api.w.org\/{rel}","templated":true}]}}