{"id":15147,"date":"2023-11-04T01:22:03","date_gmt":"2023-11-04T00:22:03","guid":{"rendered":"http:\/\/innocentiemangonipiante.it\/jubaea-chilensis\/"},"modified":"2023-11-06T18:48:53","modified_gmt":"2023-11-06T17:48:53","slug":"jubaea-chilensis","status":"publish","type":"product","link":"https:\/\/innocentiemangonipiante.it\/de\/jubaea-chilensis\/","title":{"rendered":"JUBAEA chilensis"},"content":{"rendered":"<p>Palme mit grossem Wachstum. W\u00e4chst sehr langsam. Der Stamm kann 5 Meter Stammumfang in reifem Alter erreichen. Die gr\u00fcnen Bl\u00e4tter sind gefiedert.<\/p>\n","protected":false},"excerpt":{"rendered":"<p>Palme mit grossem Wachstum. W\u00e4chst sehr langsam. Der Stamm kann 5 Meter Stammumfang in reifem Alter erreichen. Die gr\u00fcnen Bl\u00e4tter sind gefiedert.<\/p>\n","protected":false},"featured_media":3221,"template":"","meta":{"_acf_changed":false},"product_brand":[],"product_cat":[8832],"product_tag":[10898],"class_list":{"0":"post-15147","1":"product","2":"type-product","3":"status-publish","4":"has-post-thumbnail","6":"product_cat-palmartig-und-saftig","7":"product_tag-naturlichen","8":"pa_altezza-massima-20-meter","9":"pa_altezza-massima-30-meter","10":"pa_famiglia-palmae-de","11":"pa_genere-jubaea-de","12":"pa_origine-chile-de","13":"pa_portamento-eretto-de","14":"pa_resistenza-climatica-sehr-hoch","15":"pa_resistenza-del-suolo-bestandig-gegen-trockene-boden","16":"pa_utilizzo-parks-de","18":"first","19":"instock","20":"purchasable","21":"product-type-simple"},"acf":[],"_links":{"self":[{"href":"https:\/\/innocentiemangonipiante.it\/de\/wp-json\/wp\/v2\/product\/15147","targetHints":{"allow":["GET"]}}],"collection":[{"href":"https:\/\/innocentiemangonipiante.it\/de\/wp-json\/wp\/v2\/product"}],"about":[{"href":"https:\/\/innocentiemangonipiante.it\/de\/wp-json\/wp\/v2\/types\/product"}],"wp:featuredmedia":[{"embeddable":true,"href":"https:\/\/innocentiemangonipiante.it\/de\/wp-json\/wp\/v2\/media\/3221"}],"wp:attachment":[{"href":"https:\/\/innocentiemangonipiante.it\/de\/wp-json\/wp\/v2\/media?parent=15147"}],"wp:term":[{"taxonomy":"product_brand","embeddable":true,"href":"https:\/\/innocentiemangonipiante.it\/de\/wp-json\/wp\/v2\/product_brand?post=15147"},{"taxonomy":"product_cat","embeddable":true,"href":"https:\/\/innocentiemangonipiante.it\/de\/wp-json\/wp\/v2\/product_cat?post=15147"},{"taxonomy":"product_tag","embeddable":true,"href":"https:\/\/innocentiemangonipiante.it\/de\/wp-json\/wp\/v2\/product_tag?post=15147"}],"curies":[{"name":"wp","href":"https:\/\/api.w.org\/{rel}","templated":true}]}}