{"id":15148,"date":"2023-11-04T01:22:15","date_gmt":"2023-11-04T00:22:15","guid":{"rendered":"http:\/\/innocentiemangonipiante.it\/juglans-regia\/"},"modified":"2023-11-06T18:48:58","modified_gmt":"2023-11-06T17:48:58","slug":"juglans-regia","status":"publish","type":"product","link":"https:\/\/innocentiemangonipiante.it\/de\/juglans-regia\/","title":{"rendered":"JUGLANS regia"},"content":{"rendered":"<p>Kr\u00e4ftiger, ausladender sommergr\u00fcner Baum. Die Fiederbl\u00e4tter sind duftend, werden bis zu 30 cm lang und bestehen aus 5-15 elliptisch eif\u00f6rmigen gl\u00e4nzenden Bl\u00e4ttern, die bei dem Jungwuchs bronzen-purpurfarben und dann gr\u00fcn sind. Die e\u00dfbaren Fr\u00fcchte sind rund und 3-5 cm gro\u00df.<\/p>\n","protected":false},"excerpt":{"rendered":"<p>Kr\u00e4ftiger, ausladender sommergr\u00fcner Baum. Die Fiederbl\u00e4tter sind duftend, werden bis zu 30 cm lang und bestehen aus 5-15 elliptisch eif\u00f6rmigen gl\u00e4nzenden Bl\u00e4ttern, die bei dem Jungwuchs bronzen-purpurfarben und dann gr\u00fcn sind. Die e\u00dfbaren Fr\u00fcchte sind rund und 3-5 cm gro\u00df.<\/p>\n","protected":false},"featured_media":3228,"template":"","meta":{"_acf_changed":false},"product_brand":[],"product_cat":[8813],"product_tag":[10898,8565,8401],"class_list":{"0":"post-15148","1":"product","2":"type-product","3":"status-publish","4":"has-post-thumbnail","6":"product_cat-laubbaume-und-straucher","7":"product_tag-naturlichen","8":"product_tag-halbstamm","9":"product_tag-hochstamm","10":"pa_altezza-massima-20-meter","11":"pa_altezza-massima-30-meter","12":"pa_arte-topiaria-verfuegbar-formgehoelze","13":"pa_colore-fioritura-gelbe","14":"pa_condizionamento-clt-de","15":"pa_condizionamento-m-de","16":"pa_famiglia-juglandaceae-de","17":"pa_genere-juglans-de","18":"pa_origine-asien","19":"pa_origine-europaischen-mittelmeeres","20":"pa_periodo-fioritura-april-de","21":"pa_periodo-fruttificazione-oktober","22":"pa_periodo-fruttificazione-september-de","23":"pa_portamento-arrotondato-de","24":"pa_resistenza-climatica-sehr-hoch","25":"pa_resistenza-del-suolo-bestandig-gegen-kalkhaltige-boden","26":"pa_resistenza-del-suolo-bestandigkeit-auf-feuchten-boden","27":"pa_salinita-bestaendigkeit-in-meeresluft","28":"pa_utilizzo-parks-de","30":"first","31":"instock","32":"purchasable","33":"product-type-simple"},"acf":[],"_links":{"self":[{"href":"https:\/\/innocentiemangonipiante.it\/de\/wp-json\/wp\/v2\/product\/15148","targetHints":{"allow":["GET"]}}],"collection":[{"href":"https:\/\/innocentiemangonipiante.it\/de\/wp-json\/wp\/v2\/product"}],"about":[{"href":"https:\/\/innocentiemangonipiante.it\/de\/wp-json\/wp\/v2\/types\/product"}],"wp:featuredmedia":[{"embeddable":true,"href":"https:\/\/innocentiemangonipiante.it\/de\/wp-json\/wp\/v2\/media\/3228"}],"wp:attachment":[{"href":"https:\/\/innocentiemangonipiante.it\/de\/wp-json\/wp\/v2\/media?parent=15148"}],"wp:term":[{"taxonomy":"product_brand","embeddable":true,"href":"https:\/\/innocentiemangonipiante.it\/de\/wp-json\/wp\/v2\/product_brand?post=15148"},{"taxonomy":"product_cat","embeddable":true,"href":"https:\/\/innocentiemangonipiante.it\/de\/wp-json\/wp\/v2\/product_cat?post=15148"},{"taxonomy":"product_tag","embeddable":true,"href":"https:\/\/innocentiemangonipiante.it\/de\/wp-json\/wp\/v2\/product_tag?post=15148"}],"curies":[{"name":"wp","href":"https:\/\/api.w.org\/{rel}","templated":true}]}}