{"id":15149,"date":"2023-11-04T01:22:09","date_gmt":"2023-11-04T00:22:09","guid":{"rendered":"http:\/\/innocentiemangonipiante.it\/juglans-nigra\/"},"modified":"2023-11-06T18:48:56","modified_gmt":"2023-11-06T17:48:56","slug":"juglans-nigra","status":"publish","type":"product","link":"https:\/\/innocentiemangonipiante.it\/de\/juglans-nigra\/","title":{"rendered":"JUGLANS nigra"},"content":{"rendered":"<p>\u201cSchwarznu\u00df\u201d. Kr\u00e4ftiger, ausladender sommergr\u00fcner Baum. Die Fiederbl\u00e4tter sind duftend, werden bis zu 60 cm lang und bestehen aus 15-25 ovalen l\u00e4nglichen dunkelgr\u00fcnen Bl\u00e4ttern, die sich im Herbst goldgelb f\u00e4rben.<\/p>\n","protected":false},"excerpt":{"rendered":"<p>\u201cSchwarznu\u00df\u201d. Kr\u00e4ftiger, ausladender sommergr\u00fcner Baum. Die Fiederbl\u00e4tter sind duftend, werden bis zu 60 cm lang und bestehen aus 15-25 ovalen l\u00e4nglichen dunkelgr\u00fcnen Bl\u00e4ttern, die sich im Herbst goldgelb f\u00e4rben.<\/p>\n","protected":false},"featured_media":22678,"template":"","meta":{"_acf_changed":false},"product_brand":[],"product_cat":[8813],"product_tag":[10898,8401],"class_list":{"0":"post-15149","1":"product","2":"type-product","3":"status-publish","4":"has-post-thumbnail","6":"product_cat-laubbaume-und-straucher","7":"product_tag-naturlichen","8":"product_tag-hochstamm","9":"pa_altezza-massima-20-meter","10":"pa_altezza-massima-30-meter","11":"pa_condizionamento-m-de","12":"pa_famiglia-juglandaceae-de","13":"pa_genere-juglans-de","14":"pa_origine-u-s-a","15":"pa_portamento-conico-de","16":"pa_resistenza-climatica-sehr-hoch","17":"pa_resistenza-del-suolo-bestandig-gegen-kalkhaltige-boden","18":"pa_resistenza-del-suolo-bestandigkeit-auf-feuchten-boden","19":"pa_salinita-bestaendigkeit-in-meeresluft","20":"pa_utilizzo-alleen","21":"pa_utilizzo-parks-de","23":"first","24":"instock","25":"purchasable","26":"product-type-simple"},"acf":[],"_links":{"self":[{"href":"https:\/\/innocentiemangonipiante.it\/de\/wp-json\/wp\/v2\/product\/15149","targetHints":{"allow":["GET"]}}],"collection":[{"href":"https:\/\/innocentiemangonipiante.it\/de\/wp-json\/wp\/v2\/product"}],"about":[{"href":"https:\/\/innocentiemangonipiante.it\/de\/wp-json\/wp\/v2\/types\/product"}],"wp:featuredmedia":[{"embeddable":true,"href":"https:\/\/innocentiemangonipiante.it\/de\/wp-json\/wp\/v2\/media\/22678"}],"wp:attachment":[{"href":"https:\/\/innocentiemangonipiante.it\/de\/wp-json\/wp\/v2\/media?parent=15149"}],"wp:term":[{"taxonomy":"product_brand","embeddable":true,"href":"https:\/\/innocentiemangonipiante.it\/de\/wp-json\/wp\/v2\/product_brand?post=15149"},{"taxonomy":"product_cat","embeddable":true,"href":"https:\/\/innocentiemangonipiante.it\/de\/wp-json\/wp\/v2\/product_cat?post=15149"},{"taxonomy":"product_tag","embeddable":true,"href":"https:\/\/innocentiemangonipiante.it\/de\/wp-json\/wp\/v2\/product_tag?post=15149"}],"curies":[{"name":"wp","href":"https:\/\/api.w.org\/{rel}","templated":true}]}}