{"id":15151,"date":"2023-11-04T01:25:35","date_gmt":"2023-11-04T00:25:35","guid":{"rendered":"http:\/\/innocentiemangonipiante.it\/juniperus-virginiana-skyrocket\/"},"modified":"2023-11-06T18:51:04","modified_gmt":"2023-11-06T17:51:04","slug":"juniperus-virginiana-skyrocket","status":"publish","type":"product","link":"https:\/\/innocentiemangonipiante.it\/de\/juniperus-virginiana-skyrocket\/","title":{"rendered":"JUNIPERUS virginiana &#8218;Skyrocket&#8216;"},"content":{"rendered":"<p>S\u00e4ulenf\u00f6rmiger Nadelbaum mit senkrecht angeordnetem Astwerk. Die Bl\u00e4tter sind grau-stahlblau.<\/p>\n","protected":false},"excerpt":{"rendered":"<p>S\u00e4ulenf\u00f6rmiger Nadelbaum mit senkrecht angeordnetem Astwerk. Die Bl\u00e4tter sind grau-stahlblau.<\/p>\n","protected":false},"featured_media":3332,"template":"","meta":{"_acf_changed":false},"product_brand":[],"product_cat":[8825],"product_tag":[10898],"class_list":{"0":"post-15151","1":"product","2":"type-product","3":"status-publish","4":"has-post-thumbnail","6":"product_cat-koniferen","7":"product_tag-naturlichen","8":"pa_altezza-massima-400-de","9":"pa_altezza-massima-600-de","10":"pa_colore-delle-foglie-blau","11":"pa_condizionamento-clt-de","12":"pa_condizionamento-jungplanzen","13":"pa_famiglia-cupressaceae-de","14":"pa_genere-juniperus-de","15":"pa_inquinamento-bestaendigkeit-gegen-smog","16":"pa_origine-u-s-a","17":"pa_portamento-saulenformig","18":"pa_resistenza-climatica-sehr-hoch","19":"pa_resistenza-del-suolo-bestandig-gegen-kalkhaltige-boden","20":"pa_resistenza-del-suolo-bestandig-gegen-trockene-boden","21":"pa_salinita-bestaendigkeit-in-meeresluft","22":"pa_utilizzo-kleine-gaerten","23":"pa_utilizzo-parks-de","25":"first","26":"instock","27":"purchasable","28":"product-type-simple"},"acf":[],"_links":{"self":[{"href":"https:\/\/innocentiemangonipiante.it\/de\/wp-json\/wp\/v2\/product\/15151","targetHints":{"allow":["GET"]}}],"collection":[{"href":"https:\/\/innocentiemangonipiante.it\/de\/wp-json\/wp\/v2\/product"}],"about":[{"href":"https:\/\/innocentiemangonipiante.it\/de\/wp-json\/wp\/v2\/types\/product"}],"wp:featuredmedia":[{"embeddable":true,"href":"https:\/\/innocentiemangonipiante.it\/de\/wp-json\/wp\/v2\/media\/3332"}],"wp:attachment":[{"href":"https:\/\/innocentiemangonipiante.it\/de\/wp-json\/wp\/v2\/media?parent=15151"}],"wp:term":[{"taxonomy":"product_brand","embeddable":true,"href":"https:\/\/innocentiemangonipiante.it\/de\/wp-json\/wp\/v2\/product_brand?post=15151"},{"taxonomy":"product_cat","embeddable":true,"href":"https:\/\/innocentiemangonipiante.it\/de\/wp-json\/wp\/v2\/product_cat?post=15151"},{"taxonomy":"product_tag","embeddable":true,"href":"https:\/\/innocentiemangonipiante.it\/de\/wp-json\/wp\/v2\/product_tag?post=15151"}],"curies":[{"name":"wp","href":"https:\/\/api.w.org\/{rel}","templated":true}]}}