{"id":15152,"date":"2023-11-04T01:25:21","date_gmt":"2023-11-04T00:25:21","guid":{"rendered":"http:\/\/innocentiemangonipiante.it\/juniperus-virginiana-grey-owl\/"},"modified":"2023-11-06T18:50:55","modified_gmt":"2023-11-06T17:50:55","slug":"juniperus-virginiana-grey-owl","status":"publish","type":"product","link":"https:\/\/innocentiemangonipiante.it\/de\/juniperus-virginiana-grey-owl\/","title":{"rendered":"JUNIPERUS virginiana &#8218;Grey Owl&#8216;"},"content":{"rendered":"<p>Gro\u00dfer ausladender Strauch mit waagerechten und gebogenen Zweigen. Die Bl\u00e4tter sind eif\u00f6rmig, rauten- und schuppenf\u00f6rmig, zart, gr\u00fcn mit silbrigen T\u00f6nungen. Erreicht eine Breite von 3-4 Metern.<\/p>\n","protected":false},"excerpt":{"rendered":"<p>Gro\u00dfer ausladender Strauch mit waagerechten und gebogenen Zweigen. Die Bl\u00e4tter sind eif\u00f6rmig, rauten- und schuppenf\u00f6rmig, zart, gr\u00fcn mit silbrigen T\u00f6nungen. Erreicht eine Breite von 3-4 Metern.<\/p>\n","protected":false},"featured_media":3326,"template":"","meta":{"_acf_changed":false},"product_brand":[],"product_cat":[8825],"product_tag":[10898,6251,8565],"class_list":{"0":"post-15152","1":"product","2":"type-product","3":"status-publish","4":"has-post-thumbnail","6":"product_cat-koniferen","7":"product_tag-naturlichen","8":"product_tag-bonsai-de","9":"product_tag-halbstamm","10":"pa_altezza-massima-200-de","11":"pa_altezza-massima-300-de","12":"pa_colore-delle-foglie-grauen","13":"pa_condizionamento-clt-de","14":"pa_condizionamento-jungplanzen","15":"pa_condizionamento-schale","16":"pa_famiglia-cupressaceae-de","17":"pa_genere-juniperus-de","18":"pa_inquinamento-bestaendigkeit-gegen-smog","19":"pa_origine-holland-de","20":"pa_portamento-arcuato-de","21":"pa_resistenza-climatica-sehr-hoch","22":"pa_resistenza-del-suolo-bestandig-gegen-kalkhaltige-boden","23":"pa_resistenza-del-suolo-bestandig-gegen-trockene-boden","24":"pa_salinita-bestaendigkeit-in-meeresluft","25":"pa_utilizzo-kleine-gaerten","26":"pa_utilizzo-parks-de","28":"first","29":"instock","30":"purchasable","31":"product-type-simple"},"acf":[],"_links":{"self":[{"href":"https:\/\/innocentiemangonipiante.it\/de\/wp-json\/wp\/v2\/product\/15152","targetHints":{"allow":["GET"]}}],"collection":[{"href":"https:\/\/innocentiemangonipiante.it\/de\/wp-json\/wp\/v2\/product"}],"about":[{"href":"https:\/\/innocentiemangonipiante.it\/de\/wp-json\/wp\/v2\/types\/product"}],"wp:featuredmedia":[{"embeddable":true,"href":"https:\/\/innocentiemangonipiante.it\/de\/wp-json\/wp\/v2\/media\/3326"}],"wp:attachment":[{"href":"https:\/\/innocentiemangonipiante.it\/de\/wp-json\/wp\/v2\/media?parent=15152"}],"wp:term":[{"taxonomy":"product_brand","embeddable":true,"href":"https:\/\/innocentiemangonipiante.it\/de\/wp-json\/wp\/v2\/product_brand?post=15152"},{"taxonomy":"product_cat","embeddable":true,"href":"https:\/\/innocentiemangonipiante.it\/de\/wp-json\/wp\/v2\/product_cat?post=15152"},{"taxonomy":"product_tag","embeddable":true,"href":"https:\/\/innocentiemangonipiante.it\/de\/wp-json\/wp\/v2\/product_tag?post=15152"}],"curies":[{"name":"wp","href":"https:\/\/api.w.org\/{rel}","templated":true}]}}