{"id":15153,"date":"2023-11-04T01:25:07","date_gmt":"2023-11-04T00:25:07","guid":{"rendered":"http:\/\/innocentiemangonipiante.it\/juniperus-squamata-blue-star\/"},"modified":"2023-11-06T18:50:48","modified_gmt":"2023-11-06T17:50:48","slug":"juniperus-squamata-blue-star","status":"publish","type":"product","link":"https:\/\/innocentiemangonipiante.it\/de\/juniperus-squamata-blue-star\/","title":{"rendered":"JUNIPERUS squamata &#8218;Blue Star&#8216;"},"content":{"rendered":"<p>Langsames Wachstum. Die Jungpflanze ist dicht und kompakt und wird mit den Jahren unregelm\u00e4\u00dfig kugelf\u00f6rmig. Die Bl\u00e4tter sind leuchtend blau-silbrig. Erreicht eine Breite von 1 Meter.<\/p>\n","protected":false},"excerpt":{"rendered":"<p>Langsames Wachstum. Die Jungpflanze ist dicht und kompakt und wird mit den Jahren unregelm\u00e4\u00dfig kugelf\u00f6rmig. Die Bl\u00e4tter sind leuchtend blau-silbrig. Erreicht eine Breite von 1 Meter.<\/p>\n","protected":false},"featured_media":3320,"template":"","meta":{"_acf_changed":false},"product_brand":[],"product_cat":[8825],"product_tag":[10898],"class_list":{"0":"post-15153","1":"product","2":"type-product","3":"status-publish","4":"has-post-thumbnail","6":"product_cat-koniferen","7":"product_tag-naturlichen","8":"pa_altezza-massima-0_50-meter","9":"pa_altezza-massima-100-de","10":"pa_colore-delle-foglie-blau","11":"pa_condizionamento-clt-de","12":"pa_famiglia-cupressaceae-de","13":"pa_genere-juniperus-de","14":"pa_inquinamento-bestaendigkeit-gegen-smog","15":"pa_origine-holland-de","16":"pa_portamento-arrotondato-de","17":"pa_resistenza-climatica-sehr-hoch","18":"pa_resistenza-del-suolo-bestandig-gegen-kalkhaltige-boden","19":"pa_resistenza-del-suolo-bestandig-gegen-trockene-boden","20":"pa_salinita-bestaendigkeit-in-meeresluft","21":"pa_utilizzo-kleine-gaerten","23":"first","24":"instock","25":"purchasable","26":"product-type-simple"},"acf":[],"_links":{"self":[{"href":"https:\/\/innocentiemangonipiante.it\/de\/wp-json\/wp\/v2\/product\/15153","targetHints":{"allow":["GET"]}}],"collection":[{"href":"https:\/\/innocentiemangonipiante.it\/de\/wp-json\/wp\/v2\/product"}],"about":[{"href":"https:\/\/innocentiemangonipiante.it\/de\/wp-json\/wp\/v2\/types\/product"}],"wp:featuredmedia":[{"embeddable":true,"href":"https:\/\/innocentiemangonipiante.it\/de\/wp-json\/wp\/v2\/media\/3320"}],"wp:attachment":[{"href":"https:\/\/innocentiemangonipiante.it\/de\/wp-json\/wp\/v2\/media?parent=15153"}],"wp:term":[{"taxonomy":"product_brand","embeddable":true,"href":"https:\/\/innocentiemangonipiante.it\/de\/wp-json\/wp\/v2\/product_brand?post=15153"},{"taxonomy":"product_cat","embeddable":true,"href":"https:\/\/innocentiemangonipiante.it\/de\/wp-json\/wp\/v2\/product_cat?post=15153"},{"taxonomy":"product_tag","embeddable":true,"href":"https:\/\/innocentiemangonipiante.it\/de\/wp-json\/wp\/v2\/product_tag?post=15153"}],"curies":[{"name":"wp","href":"https:\/\/api.w.org\/{rel}","templated":true}]}}