{"id":15154,"date":"2023-11-04T01:25:01","date_gmt":"2023-11-04T00:25:01","guid":{"rendered":"http:\/\/innocentiemangonipiante.it\/juniperus-squamata-blue-carpet\/"},"modified":"2023-11-06T18:50:44","modified_gmt":"2023-11-06T17:50:44","slug":"juniperus-squamata-blue-carpet","status":"publish","type":"product","link":"https:\/\/innocentiemangonipiante.it\/de\/juniperus-squamata-blue-carpet\/","title":{"rendered":"JUNIPERUS squamata &#8218;Blue Carpet&#8216;"},"content":{"rendered":"<p>Zwergw\u00fcchsiger, niedriger und kompakter Strauch, der durch die langen \u00c4ste eine dichte, aber unregelm\u00e4\u00dfige Form annimmt. Langsames Wachstum. Intensiv stahlblaue Bl\u00e4tter. Erreicht eine Breite von 2.<\/p>\n","protected":false},"excerpt":{"rendered":"<p>Zwergw\u00fcchsiger, niedriger und kompakter Strauch, der durch die langen \u00c4ste eine dichte, aber unregelm\u00e4\u00dfige Form annimmt. Langsames Wachstum. Intensiv stahlblaue Bl\u00e4tter. Erreicht eine Breite von 2.<\/p>\n","protected":false},"featured_media":46992,"template":"","meta":{"_acf_changed":false},"product_brand":[],"product_cat":[8825],"product_tag":[10898,6251,8565],"class_list":{"0":"post-15154","1":"product","2":"type-product","3":"status-publish","4":"has-post-thumbnail","6":"product_cat-koniferen","7":"product_tag-naturlichen","8":"product_tag-bonsai-de","9":"product_tag-halbstamm","10":"pa_altezza-massima-0_50-meter","11":"pa_altezza-massima-0_75-meter","12":"pa_colore-delle-foglie-blau","13":"pa_condizionamento-clt-de","14":"pa_condizionamento-rostfarbenen-spezialtopf","15":"pa_condizionamento-jungplanzen","16":"pa_condizionamento-schale","17":"pa_famiglia-cupressaceae-de","18":"pa_genere-juniperus-de","19":"pa_inquinamento-bestaendigkeit-gegen-smog","20":"pa_origine-holland-de","21":"pa_portamento-allargato-de","22":"pa_resistenza-climatica-sehr-hoch","23":"pa_resistenza-del-suolo-bestandig-gegen-kalkhaltige-boden","24":"pa_resistenza-del-suolo-bestandig-gegen-trockene-boden","25":"pa_salinita-bestaendigkeit-in-meeresluft","26":"pa_utilizzo-parks-de","28":"first","29":"instock","30":"purchasable","31":"product-type-simple"},"acf":[],"_links":{"self":[{"href":"https:\/\/innocentiemangonipiante.it\/de\/wp-json\/wp\/v2\/product\/15154","targetHints":{"allow":["GET"]}}],"collection":[{"href":"https:\/\/innocentiemangonipiante.it\/de\/wp-json\/wp\/v2\/product"}],"about":[{"href":"https:\/\/innocentiemangonipiante.it\/de\/wp-json\/wp\/v2\/types\/product"}],"wp:featuredmedia":[{"embeddable":true,"href":"https:\/\/innocentiemangonipiante.it\/de\/wp-json\/wp\/v2\/media\/46992"}],"wp:attachment":[{"href":"https:\/\/innocentiemangonipiante.it\/de\/wp-json\/wp\/v2\/media?parent=15154"}],"wp:term":[{"taxonomy":"product_brand","embeddable":true,"href":"https:\/\/innocentiemangonipiante.it\/de\/wp-json\/wp\/v2\/product_brand?post=15154"},{"taxonomy":"product_cat","embeddable":true,"href":"https:\/\/innocentiemangonipiante.it\/de\/wp-json\/wp\/v2\/product_cat?post=15154"},{"taxonomy":"product_tag","embeddable":true,"href":"https:\/\/innocentiemangonipiante.it\/de\/wp-json\/wp\/v2\/product_tag?post=15154"}],"curies":[{"name":"wp","href":"https:\/\/api.w.org\/{rel}","templated":true}]}}