{"id":15155,"date":"2023-11-04T01:24:48","date_gmt":"2023-11-04T00:24:48","guid":{"rendered":"http:\/\/innocentiemangonipiante.it\/juniperus-scopulorum-blue-arrow\/"},"modified":"2023-11-06T18:50:36","modified_gmt":"2023-11-06T17:50:36","slug":"juniperus-scopulorum-blue-arrow","status":"publish","type":"product","link":"https:\/\/innocentiemangonipiante.it\/de\/juniperus-scopulorum-blue-arrow\/","title":{"rendered":"JUNIPERUS scopulorum &#8218;Blue Arrow&#8216;"},"content":{"rendered":"<p>Konifere mit engs\u00e4ulenf\u00f6rmigem Wuchs und blau-gr\u00fcnem Laub.<\/p>\n","protected":false},"excerpt":{"rendered":"<p>Konifere mit engs\u00e4ulenf\u00f6rmigem Wuchs und blau-gr\u00fcnem Laub.<\/p>\n","protected":false},"featured_media":3313,"template":"","meta":{"_acf_changed":false},"product_brand":[],"product_cat":[8825],"product_tag":[10898],"class_list":{"0":"post-15155","1":"product","2":"type-product","3":"status-publish","4":"has-post-thumbnail","6":"product_cat-koniferen","7":"product_tag-naturlichen","8":"pa_altezza-massima-300-de","9":"pa_altezza-massima-400-de","10":"pa_colore-delle-foglie-blau","11":"pa_condizionamento-clt-de","12":"pa_condizionamento-jungplanzen","13":"pa_famiglia-cupressaceae-de","14":"pa_genere-juniperus-de","15":"pa_inquinamento-bestaendigkeit-gegen-smog","16":"pa_origine-u-s-a","17":"pa_periodo-fruttificazione-oktober","18":"pa_portamento-conico-de","19":"pa_resistenza-climatica-sehr-hoch","20":"pa_resistenza-del-suolo-bestandig-gegen-trockene-boden","21":"pa_salinita-bestaendigkeit-in-meeresluft","22":"pa_utilizzo-kleine-gaerten","23":"pa_utilizzo-parks-de","25":"first","26":"instock","27":"purchasable","28":"product-type-simple"},"acf":[],"_links":{"self":[{"href":"https:\/\/innocentiemangonipiante.it\/de\/wp-json\/wp\/v2\/product\/15155","targetHints":{"allow":["GET"]}}],"collection":[{"href":"https:\/\/innocentiemangonipiante.it\/de\/wp-json\/wp\/v2\/product"}],"about":[{"href":"https:\/\/innocentiemangonipiante.it\/de\/wp-json\/wp\/v2\/types\/product"}],"wp:featuredmedia":[{"embeddable":true,"href":"https:\/\/innocentiemangonipiante.it\/de\/wp-json\/wp\/v2\/media\/3313"}],"wp:attachment":[{"href":"https:\/\/innocentiemangonipiante.it\/de\/wp-json\/wp\/v2\/media?parent=15155"}],"wp:term":[{"taxonomy":"product_brand","embeddable":true,"href":"https:\/\/innocentiemangonipiante.it\/de\/wp-json\/wp\/v2\/product_brand?post=15155"},{"taxonomy":"product_cat","embeddable":true,"href":"https:\/\/innocentiemangonipiante.it\/de\/wp-json\/wp\/v2\/product_cat?post=15155"},{"taxonomy":"product_tag","embeddable":true,"href":"https:\/\/innocentiemangonipiante.it\/de\/wp-json\/wp\/v2\/product_tag?post=15155"}],"curies":[{"name":"wp","href":"https:\/\/api.w.org\/{rel}","templated":true}]}}