{"id":15157,"date":"2023-11-04T01:24:29","date_gmt":"2023-11-04T00:24:29","guid":{"rendered":"http:\/\/innocentiemangonipiante.it\/juniperus-procumbens-nana\/"},"modified":"2023-11-06T18:50:27","modified_gmt":"2023-11-06T17:50:27","slug":"juniperus-procumbens-nana","status":"publish","type":"product","link":"https:\/\/innocentiemangonipiante.it\/de\/juniperus-procumbens-nana\/","title":{"rendered":"JUNIPERUS procumbens &#8218;Nana&#8216;"},"content":{"rendered":"<p>Zwergw\u00fcchsiger bodendeckender Strauch. Die Hauptzweige, die oft nach unten abfallen, tragen zahlreiche kleine Zweige, die kurz und aufrecht stehend sind mit gr\u00fcn-bl\u00e4ulichen Bl\u00e4ttern. Erreicht eine Breite von 1,5 Metern.<\/p>\n","protected":false},"excerpt":{"rendered":"<p>Zwergw\u00fcchsiger bodendeckender Strauch. Die Hauptzweige, die oft nach unten abfallen, tragen zahlreiche kleine Zweige, die kurz und aufrecht stehend sind mit gr\u00fcn-bl\u00e4ulichen Bl\u00e4ttern. Erreicht eine Breite von 1,5 Metern.<\/p>\n","protected":false},"featured_media":3301,"template":"","meta":{"_acf_changed":false},"product_brand":[],"product_cat":[8825],"product_tag":[10898,6251,8565],"class_list":{"0":"post-15157","1":"product","2":"type-product","3":"status-publish","4":"has-post-thumbnail","6":"product_cat-koniferen","7":"product_tag-naturlichen","8":"product_tag-bonsai-de","9":"product_tag-halbstamm","10":"pa_altezza-massima-0_50-meter","11":"pa_altezza-massima-0_75-meter","12":"pa_colore-delle-foglie-blau","13":"pa_condizionamento-clt-de","14":"pa_condizionamento-jungplanzen","15":"pa_condizionamento-schale","16":"pa_famiglia-cupressaceae-de","17":"pa_genere-juniperus-de","18":"pa_inquinamento-bestaendigkeit-gegen-smog","19":"pa_origine-japan-de","20":"pa_portamento-strisciante-de","21":"pa_resistenza-climatica-sehr-hoch","22":"pa_resistenza-del-suolo-bestandig-gegen-trockene-boden","23":"pa_salinita-bestaendigkeit-in-meeresluft","24":"pa_utilizzo-parks-de","26":"first","27":"instock","28":"purchasable","29":"product-type-simple"},"acf":[],"_links":{"self":[{"href":"https:\/\/innocentiemangonipiante.it\/de\/wp-json\/wp\/v2\/product\/15157","targetHints":{"allow":["GET"]}}],"collection":[{"href":"https:\/\/innocentiemangonipiante.it\/de\/wp-json\/wp\/v2\/product"}],"about":[{"href":"https:\/\/innocentiemangonipiante.it\/de\/wp-json\/wp\/v2\/types\/product"}],"wp:featuredmedia":[{"embeddable":true,"href":"https:\/\/innocentiemangonipiante.it\/de\/wp-json\/wp\/v2\/media\/3301"}],"wp:attachment":[{"href":"https:\/\/innocentiemangonipiante.it\/de\/wp-json\/wp\/v2\/media?parent=15157"}],"wp:term":[{"taxonomy":"product_brand","embeddable":true,"href":"https:\/\/innocentiemangonipiante.it\/de\/wp-json\/wp\/v2\/product_brand?post=15157"},{"taxonomy":"product_cat","embeddable":true,"href":"https:\/\/innocentiemangonipiante.it\/de\/wp-json\/wp\/v2\/product_cat?post=15157"},{"taxonomy":"product_tag","embeddable":true,"href":"https:\/\/innocentiemangonipiante.it\/de\/wp-json\/wp\/v2\/product_tag?post=15157"}],"curies":[{"name":"wp","href":"https:\/\/api.w.org\/{rel}","templated":true}]}}