{"id":15159,"date":"2023-11-04T01:26:31","date_gmt":"2023-11-04T00:26:31","guid":{"rendered":"http:\/\/innocentiemangonipiante.it\/juniperus-x-pfitzeriana-pfitzeriana-compacta\/"},"modified":"2023-11-06T18:51:31","modified_gmt":"2023-11-06T17:51:31","slug":"juniperus-x-pfitzeriana-pfitzeriana-compacta","status":"publish","type":"product","link":"https:\/\/innocentiemangonipiante.it\/de\/juniperus-x-pfitzeriana-pfitzeriana-compacta\/","title":{"rendered":"JUNIPERUS x pfitzeriana &#8218;Pfitzeriana Compacta&#8216;"},"content":{"rendered":"<p>Niedriger und geduckter Wuchs. Waagerechte Zweige. Schuppenf\u00f6rmige grau-gr\u00fcne Bl\u00e4tter. Er kann eine Breite von 1,50 Metern erreichen.<\/p>\n","protected":false},"excerpt":{"rendered":"<p>Niedriger und geduckter Wuchs. Waagerechte Zweige. Schuppenf\u00f6rmige grau-gr\u00fcne Bl\u00e4tter. Er kann eine Breite von 1,50 Metern erreichen.<\/p>\n","protected":false},"featured_media":47152,"template":"","meta":{"_acf_changed":false},"product_brand":[],"product_cat":[8825],"product_tag":[10898,6251,8565],"class_list":{"0":"post-15159","1":"product","2":"type-product","3":"status-publish","4":"has-post-thumbnail","6":"product_cat-koniferen","7":"product_tag-naturlichen","8":"product_tag-bonsai-de","9":"product_tag-halbstamm","10":"pa_altezza-massima-0_50-meter","11":"pa_altezza-massima-0_75-meter","12":"pa_colore-delle-foglie-grauen","13":"pa_condizionamento-clt-de","14":"pa_condizionamento-jungplanzen","15":"pa_condizionamento-schale","16":"pa_famiglia-cupressaceae-de","17":"pa_genere-juniperus-de","18":"pa_inquinamento-bestaendigkeit-gegen-smog","19":"pa_origine-u-s-a","20":"pa_portamento-allargato-de","21":"pa_resistenza-climatica-sehr-hoch","22":"pa_resistenza-del-suolo-bestandig-gegen-kalkhaltige-boden","23":"pa_resistenza-del-suolo-bestandig-gegen-trockene-boden","24":"pa_salinita-bestaendigkeit-in-meeresluft","25":"pa_utilizzo-kleine-gaerten","26":"pa_utilizzo-parks-de","28":"first","29":"instock","30":"purchasable","31":"product-type-simple"},"acf":[],"_links":{"self":[{"href":"https:\/\/innocentiemangonipiante.it\/de\/wp-json\/wp\/v2\/product\/15159","targetHints":{"allow":["GET"]}}],"collection":[{"href":"https:\/\/innocentiemangonipiante.it\/de\/wp-json\/wp\/v2\/product"}],"about":[{"href":"https:\/\/innocentiemangonipiante.it\/de\/wp-json\/wp\/v2\/types\/product"}],"wp:featuredmedia":[{"embeddable":true,"href":"https:\/\/innocentiemangonipiante.it\/de\/wp-json\/wp\/v2\/media\/47152"}],"wp:attachment":[{"href":"https:\/\/innocentiemangonipiante.it\/de\/wp-json\/wp\/v2\/media?parent=15159"}],"wp:term":[{"taxonomy":"product_brand","embeddable":true,"href":"https:\/\/innocentiemangonipiante.it\/de\/wp-json\/wp\/v2\/product_brand?post=15159"},{"taxonomy":"product_cat","embeddable":true,"href":"https:\/\/innocentiemangonipiante.it\/de\/wp-json\/wp\/v2\/product_cat?post=15159"},{"taxonomy":"product_tag","embeddable":true,"href":"https:\/\/innocentiemangonipiante.it\/de\/wp-json\/wp\/v2\/product_tag?post=15159"}],"curies":[{"name":"wp","href":"https:\/\/api.w.org\/{rel}","templated":true}]}}