{"id":15170,"date":"2023-11-04T01:23:24","date_gmt":"2023-11-04T00:23:24","guid":{"rendered":"http:\/\/innocentiemangonipiante.it\/juniperus-communis-green-carpet\/"},"modified":"2023-11-06T18:49:33","modified_gmt":"2023-11-06T17:49:33","slug":"juniperus-communis-green-carpet","status":"publish","type":"product","link":"https:\/\/innocentiemangonipiante.it\/de\/juniperus-communis-green-carpet\/","title":{"rendered":"JUNIPERUS communis &#8218;Green Carpet&#8216;"},"content":{"rendered":"<p>Stark bedeckender Nadelbaum mit gr\u00fcnen, d\u00fcnnen Bl\u00e4ttern. Langsames Wachstum.<\/p>\n","protected":false},"excerpt":{"rendered":"<p>Stark bedeckender Nadelbaum mit gr\u00fcnen, d\u00fcnnen Bl\u00e4ttern. Langsames Wachstum.<\/p>\n","protected":false},"featured_media":3252,"template":"","meta":{"_acf_changed":false},"product_brand":[],"product_cat":[8825,9231],"product_tag":[10898,6251,8565],"class_list":{"0":"post-15170","1":"product","2":"type-product","3":"status-publish","4":"has-post-thumbnail","6":"product_cat-koniferen","7":"product_cat-baume-und-pflanzen-der-zukunft","8":"product_tag-naturlichen","9":"product_tag-bonsai-de","10":"product_tag-halbstamm","11":"pa_altezza-massima-200-de","12":"pa_altezza-massima-300-de","13":"pa_condizionamento-clt-de","14":"pa_condizionamento-schale","15":"pa_famiglia-cupressaceae-de","16":"pa_genere-juniperus-de","17":"pa_inquinamento-bestaendigkeit-gegen-smog","18":"pa_origine-ostasien","19":"pa_portamento-strisciante-de","20":"pa_resistenza-climatica-sehr-hoch","21":"pa_resistenza-del-suolo-bestandig-gegen-kalkhaltige-boden","22":"pa_resistenza-del-suolo-bestandig-gegen-trockene-boden","23":"pa_salinita-bestaendigkeit-in-meeresluft","24":"pa_utilizzo-kleine-gaerten","25":"pa_utilizzo-parks-de","27":"first","28":"instock","29":"purchasable","30":"product-type-simple"},"acf":[],"_links":{"self":[{"href":"https:\/\/innocentiemangonipiante.it\/de\/wp-json\/wp\/v2\/product\/15170","targetHints":{"allow":["GET"]}}],"collection":[{"href":"https:\/\/innocentiemangonipiante.it\/de\/wp-json\/wp\/v2\/product"}],"about":[{"href":"https:\/\/innocentiemangonipiante.it\/de\/wp-json\/wp\/v2\/types\/product"}],"wp:featuredmedia":[{"embeddable":true,"href":"https:\/\/innocentiemangonipiante.it\/de\/wp-json\/wp\/v2\/media\/3252"}],"wp:attachment":[{"href":"https:\/\/innocentiemangonipiante.it\/de\/wp-json\/wp\/v2\/media?parent=15170"}],"wp:term":[{"taxonomy":"product_brand","embeddable":true,"href":"https:\/\/innocentiemangonipiante.it\/de\/wp-json\/wp\/v2\/product_brand?post=15170"},{"taxonomy":"product_cat","embeddable":true,"href":"https:\/\/innocentiemangonipiante.it\/de\/wp-json\/wp\/v2\/product_cat?post=15170"},{"taxonomy":"product_tag","embeddable":true,"href":"https:\/\/innocentiemangonipiante.it\/de\/wp-json\/wp\/v2\/product_tag?post=15170"}],"curies":[{"name":"wp","href":"https:\/\/api.w.org\/{rel}","templated":true}]}}